{"id":15820,"date":"2026-03-10T00:00:32","date_gmt":"2026-03-10T04:00:32","guid":{"rendered":"https:\/\/www.paysagesrossignol.com\/produit\/oignons-candy-hybrid\/"},"modified":"2026-03-10T16:45:39","modified_gmt":"2026-03-10T20:45:39","slug":"oignons-candy-hybrid","status":"publish","type":"product","link":"https:\/\/www.paysagesrossignol.com\/en\/produit\/oignons-candy-hybrid\/","title":{"rendered":"Oignon Candy"},"content":{"rendered":"<h1>Voir disponibilit\u00e9 en magasin<\/h1>\n<p>Cet oignon populaire produit de gros bulbes blancs de 8 \u00e0 10 cm (3-4&#8243;). Doux, avec un go\u00fbt sucr\u00e9 et savoureux cru ou cuit. Un oignon polyvalent exceptionnel et un producteur fiable. Un des meilleurs oignons de conservation, ce qui en fait un excellent choix pour les potagers canadiens.<\/p>\n<p>85 jours \u00e0 la r\u00e9colte<\/p>\n<p>McKenzie<\/p>\n","protected":false},"excerpt":{"rendered":"<p>Voir disponibilit\u00e9 en magasin Cet oignon populaire produit de gros bulbes blancs de 8 \u00e0 10 cm (3-4&#8243;). Doux, avec un go\u00fbt sucr\u00e9 et savoureux cru ou cuit. Un oignon polyvalent exceptionnel et un producteur fiable. Un des meilleurs oignons de conservation, ce qui en fait un excellent choix pour les potagers canadiens. 85 jours [&hellip;]<\/p>\n","protected":false},"featured_media":29343,"template":"","meta":[],"product_cat":[125],"product_tag":[],"acf":[],"_links":{"self":[{"href":"https:\/\/www.paysagesrossignol.com\/en\/wp-json\/wp\/v2\/product\/15820"}],"collection":[{"href":"https:\/\/www.paysagesrossignol.com\/en\/wp-json\/wp\/v2\/product"}],"about":[{"href":"https:\/\/www.paysagesrossignol.com\/en\/wp-json\/wp\/v2\/types\/product"}],"wp:featuredmedia":[{"embeddable":true,"href":"https:\/\/www.paysagesrossignol.com\/en\/wp-json\/wp\/v2\/media\/29343"}],"wp:attachment":[{"href":"https:\/\/www.paysagesrossignol.com\/en\/wp-json\/wp\/v2\/media?parent=15820"}],"wp:term":[{"taxonomy":"product_cat","embeddable":true,"href":"https:\/\/www.paysagesrossignol.com\/en\/wp-json\/wp\/v2\/product_cat?post=15820"},{"taxonomy":"product_tag","embeddable":true,"href":"https:\/\/www.paysagesrossignol.com\/en\/wp-json\/wp\/v2\/product_tag?post=15820"}],"curies":[{"name":"wp","href":"https:\/\/api.w.org\/{rel}","templated":true}]}}