{"id":15822,"date":"2026-03-10T00:00:32","date_gmt":"2026-03-10T04:00:32","guid":{"rendered":"https:\/\/www.paysagesrossignol.com\/produit\/gypsophile-annuelle-covent-garden\/"},"modified":"2026-03-12T15:03:19","modified_gmt":"2026-03-12T19:03:19","slug":"gypsophile-annuelle-covent-garden","status":"publish","type":"product","link":"https:\/\/www.paysagesrossignol.com\/en\/produit\/gypsophile-annuelle-covent-garden\/","title":{"rendered":"Gypsophile Covent Garden"},"content":{"rendered":"<h1>Voir disponibilit\u00e9 en magasin<\/h1>\n<p>Les minuscles fleurs \u00e9toil\u00e9es blanches sur les tiges \u00e0 branches multiples font de la gypsophile l&#8217;une des fleurs s\u00e9ch\u00e9es les plus populaires pour le joli contraste qu&#8217;elle produit avec les fleurs color\u00e9es. Cro\u00eet rapidement: semez-en aux 2-4 semaines pour garantir un approvisionnement continuel de jolies fleurs. Annuelle Gypsophila Elegans<\/p>\n<p>50-60 jours \u00e0 la floraison<\/p>\n<p>McKenzie<\/p>\n<p>&nbsp;<\/p>\n<p>&nbsp;<\/p>\n","protected":false},"excerpt":{"rendered":"<p>Voir disponibilit\u00e9 en magasin Les minuscles fleurs \u00e9toil\u00e9es blanches sur les tiges \u00e0 branches multiples font de la gypsophile l&#8217;une des fleurs s\u00e9ch\u00e9es les plus populaires pour le joli contraste qu&#8217;elle produit avec les fleurs color\u00e9es. Cro\u00eet rapidement: semez-en aux 2-4 semaines pour garantir un approvisionnement continuel de jolies fleurs. Annuelle Gypsophila Elegans 50-60 jours [&hellip;]<\/p>\n","protected":false},"featured_media":23782,"template":"","meta":[],"product_cat":[124],"product_tag":[],"acf":[],"_links":{"self":[{"href":"https:\/\/www.paysagesrossignol.com\/en\/wp-json\/wp\/v2\/product\/15822"}],"collection":[{"href":"https:\/\/www.paysagesrossignol.com\/en\/wp-json\/wp\/v2\/product"}],"about":[{"href":"https:\/\/www.paysagesrossignol.com\/en\/wp-json\/wp\/v2\/types\/product"}],"wp:featuredmedia":[{"embeddable":true,"href":"https:\/\/www.paysagesrossignol.com\/en\/wp-json\/wp\/v2\/media\/23782"}],"wp:attachment":[{"href":"https:\/\/www.paysagesrossignol.com\/en\/wp-json\/wp\/v2\/media?parent=15822"}],"wp:term":[{"taxonomy":"product_cat","embeddable":true,"href":"https:\/\/www.paysagesrossignol.com\/en\/wp-json\/wp\/v2\/product_cat?post=15822"},{"taxonomy":"product_tag","embeddable":true,"href":"https:\/\/www.paysagesrossignol.com\/en\/wp-json\/wp\/v2\/product_tag?post=15822"}],"curies":[{"name":"wp","href":"https:\/\/api.w.org\/{rel}","templated":true}]}}