{"id":15826,"date":"2026-03-10T00:00:32","date_gmt":"2026-03-10T04:00:32","guid":{"rendered":"https:\/\/www.paysagesrossignol.com\/produit\/betterave-golden-detroit\/"},"modified":"2026-03-12T11:42:18","modified_gmt":"2026-03-12T15:42:18","slug":"betterave-golden-detroit","status":"publish","type":"product","link":"https:\/\/www.paysagesrossignol.com\/en\/produit\/betterave-golden-detroit\/","title":{"rendered":"Betterave Golden Detroit"},"content":{"rendered":"<h1>Voir disponibilit\u00e9 en magasin<\/h1>\n<p>Des racines tendres, rondes, sucr\u00e9es sont oranges et la chair est dor\u00e9e. Demeure jaune dor\u00e9e lorsque cuite et ne saigne pas. Les feuilles sont vertes fonc\u00e9es. Les racines poussent vites tout en gardant leur go\u00fbt sucr\u00e9 m\u00eame en grossissant. Excellent en marinade. Un sol riche et bien drain\u00e9 est pr\u00e9f\u00e9r\u00e9. Plantez pr\u00e8s des haricots nains, de la laitue et du chou-rave, mais loin des haricots \u00e0 rames.<\/p>\n<p>50-60 jours \u00e0 la r\u00e9colte<\/p>\n<p>McKenzie<\/p>\n","protected":false},"excerpt":{"rendered":"<p>Voir disponibilit\u00e9 en magasin Des racines tendres, rondes, sucr\u00e9es sont oranges et la chair est dor\u00e9e. Demeure jaune dor\u00e9e lorsque cuite et ne saigne pas. Les feuilles sont vertes fonc\u00e9es. Les racines poussent vites tout en gardant leur go\u00fbt sucr\u00e9 m\u00eame en grossissant. Excellent en marinade. Un sol riche et bien drain\u00e9 est pr\u00e9f\u00e9r\u00e9. Plantez [&hellip;]<\/p>\n","protected":false},"featured_media":23238,"template":"","meta":[],"product_cat":[125],"product_tag":[],"acf":[],"_links":{"self":[{"href":"https:\/\/www.paysagesrossignol.com\/en\/wp-json\/wp\/v2\/product\/15826"}],"collection":[{"href":"https:\/\/www.paysagesrossignol.com\/en\/wp-json\/wp\/v2\/product"}],"about":[{"href":"https:\/\/www.paysagesrossignol.com\/en\/wp-json\/wp\/v2\/types\/product"}],"wp:featuredmedia":[{"embeddable":true,"href":"https:\/\/www.paysagesrossignol.com\/en\/wp-json\/wp\/v2\/media\/23238"}],"wp:attachment":[{"href":"https:\/\/www.paysagesrossignol.com\/en\/wp-json\/wp\/v2\/media?parent=15826"}],"wp:term":[{"taxonomy":"product_cat","embeddable":true,"href":"https:\/\/www.paysagesrossignol.com\/en\/wp-json\/wp\/v2\/product_cat?post=15826"},{"taxonomy":"product_tag","embeddable":true,"href":"https:\/\/www.paysagesrossignol.com\/en\/wp-json\/wp\/v2\/product_tag?post=15826"}],"curies":[{"name":"wp","href":"https:\/\/api.w.org\/{rel}","templated":true}]}}