{"id":15832,"date":"2026-03-10T00:00:39","date_gmt":"2026-03-10T04:00:39","guid":{"rendered":"https:\/\/www.paysagesrossignol.com\/produit\/pois-de-senteur-sugar-and-spice\/"},"modified":"2026-03-13T08:48:01","modified_gmt":"2026-03-13T12:48:01","slug":"pois-de-senteur-sugar-and-spice","status":"publish","type":"product","link":"https:\/\/www.paysagesrossignol.com\/en\/produit\/pois-de-senteur-sugar-and-spice\/","title":{"rendered":"Pois de Senteur Sugar and Spice"},"content":{"rendered":"<h1>Voir disponibilit\u00e9 en magasin<\/h1>\n<p>De belles fleurs parfum\u00e9es dans une vari\u00e9t\u00e9 de tons incluant bicolore et blanc, naturellement compacts. Un beau spectacle lorsqu&#8217;en panier suspendu ou en contenant. Aucun besoin de pincement car le plants est naturellement compact et contenu. Une humidit\u00e9 constante en tout temps est requise et \u00e9liminer les fleurs fan\u00e9es pour encourager une nouvelle floraison. Faites tremper les graines dans de l&#8217;eau \u00e0 temp\u00e9rature ambiante 12 \u00e0 24 heures avant le semis pour favoriser la germination. Lathyrus Odoratus.<\/p>\n<p>60-90 jours \u00e0 la floraison<\/p>\n<p>McKenzie<\/p>\n<p>&nbsp;<\/p>\n","protected":false},"excerpt":{"rendered":"<p>Voir disponibilit\u00e9 en magasin De belles fleurs parfum\u00e9es dans une vari\u00e9t\u00e9 de tons incluant bicolore et blanc, naturellement compacts. Un beau spectacle lorsqu&#8217;en panier suspendu ou en contenant. Aucun besoin de pincement car le plants est naturellement compact et contenu. Une humidit\u00e9 constante en tout temps est requise et \u00e9liminer les fleurs fan\u00e9es pour encourager [&hellip;]<\/p>\n","protected":false},"featured_media":29474,"template":"","meta":[],"product_cat":[124],"product_tag":[],"acf":[],"_links":{"self":[{"href":"https:\/\/www.paysagesrossignol.com\/en\/wp-json\/wp\/v2\/product\/15832"}],"collection":[{"href":"https:\/\/www.paysagesrossignol.com\/en\/wp-json\/wp\/v2\/product"}],"about":[{"href":"https:\/\/www.paysagesrossignol.com\/en\/wp-json\/wp\/v2\/types\/product"}],"wp:featuredmedia":[{"embeddable":true,"href":"https:\/\/www.paysagesrossignol.com\/en\/wp-json\/wp\/v2\/media\/29474"}],"wp:attachment":[{"href":"https:\/\/www.paysagesrossignol.com\/en\/wp-json\/wp\/v2\/media?parent=15832"}],"wp:term":[{"taxonomy":"product_cat","embeddable":true,"href":"https:\/\/www.paysagesrossignol.com\/en\/wp-json\/wp\/v2\/product_cat?post=15832"},{"taxonomy":"product_tag","embeddable":true,"href":"https:\/\/www.paysagesrossignol.com\/en\/wp-json\/wp\/v2\/product_tag?post=15832"}],"curies":[{"name":"wp","href":"https:\/\/api.w.org\/{rel}","templated":true}]}}