{"id":15862,"date":"2026-03-10T00:00:01","date_gmt":"2026-03-10T04:00:01","guid":{"rendered":"https:\/\/www.paysagesrossignol.com\/produit\/celeri-utah\/"},"modified":"2026-03-12T12:55:08","modified_gmt":"2026-03-12T16:55:08","slug":"celeri-utah","status":"publish","type":"product","link":"https:\/\/www.paysagesrossignol.com\/en\/produit\/celeri-utah\/","title":{"rendered":"C\u00e9leri Utah"},"content":{"rendered":"<h1>Voir disponibilit\u00e9 en magasin<\/h1>\n<p>Le c\u00e9leri cultiv\u00e9 au potager est beaucoup plus aromatique et savoureux que le c\u00e9leri achet\u00e9 au supermarch\u00e9. Cette vari\u00e9t\u00e9 fiable a un port compact avec l&#8217;avantage suppl\u00e9mentaire d&#8217;\u00eatre r\u00e9sistante aux maladies et lente \u00e0 monter. Pour jardinier plus exp\u00e9riment\u00e9. *apr\u00e8s la transplantation au jardin<\/p>\n<p>*90-100 jours \u00e0 la r\u00e9colte<\/p>\n<p>McKenzie<\/p>\n","protected":false},"excerpt":{"rendered":"<p>Voir disponibilit\u00e9 en magasin Le c\u00e9leri cultiv\u00e9 au potager est beaucoup plus aromatique et savoureux que le c\u00e9leri achet\u00e9 au supermarch\u00e9. Cette vari\u00e9t\u00e9 fiable a un port compact avec l&#8217;avantage suppl\u00e9mentaire d&#8217;\u00eatre r\u00e9sistante aux maladies et lente \u00e0 monter. Pour jardinier plus exp\u00e9riment\u00e9. *apr\u00e8s la transplantation au jardin *90-100 jours \u00e0 la r\u00e9colte McKenzie<\/p>\n","protected":false},"featured_media":28121,"template":"","meta":[],"product_cat":[125],"product_tag":[],"acf":[],"_links":{"self":[{"href":"https:\/\/www.paysagesrossignol.com\/en\/wp-json\/wp\/v2\/product\/15862"}],"collection":[{"href":"https:\/\/www.paysagesrossignol.com\/en\/wp-json\/wp\/v2\/product"}],"about":[{"href":"https:\/\/www.paysagesrossignol.com\/en\/wp-json\/wp\/v2\/types\/product"}],"wp:featuredmedia":[{"embeddable":true,"href":"https:\/\/www.paysagesrossignol.com\/en\/wp-json\/wp\/v2\/media\/28121"}],"wp:attachment":[{"href":"https:\/\/www.paysagesrossignol.com\/en\/wp-json\/wp\/v2\/media?parent=15862"}],"wp:term":[{"taxonomy":"product_cat","embeddable":true,"href":"https:\/\/www.paysagesrossignol.com\/en\/wp-json\/wp\/v2\/product_cat?post=15862"},{"taxonomy":"product_tag","embeddable":true,"href":"https:\/\/www.paysagesrossignol.com\/en\/wp-json\/wp\/v2\/product_tag?post=15862"}],"curies":[{"name":"wp","href":"https:\/\/api.w.org\/{rel}","templated":true}]}}