{"id":15872,"date":"2026-03-10T00:00:09","date_gmt":"2026-03-10T04:00:09","guid":{"rendered":"https:\/\/www.paysagesrossignol.com\/produit\/phlox-annuel-dwarf-beauty-en-melange\/"},"modified":"2026-03-12T14:39:46","modified_gmt":"2026-03-12T18:39:46","slug":"phlox-annuel-dwarf-beauty-en-melange","status":"publish","type":"product","link":"https:\/\/www.paysagesrossignol.com\/en\/produit\/phlox-annuel-dwarf-beauty-en-melange\/","title":{"rendered":"Phlox Dwarf Beauty en m\u00e9lange"},"content":{"rendered":"<h1>Voir disponibilit\u00e9 en magasin<\/h1>\n<p>Belle lign\u00e9e de vari\u00e9t\u00e9s \u00e0 fleurs dans les tons de blanc saumon. \u00e9carlate et bleu, souvent avec un centre contrastant. Ils r\u00e9ussissent bien en bac, bo\u00eete \u00e0 fleurs, plate-bande et rocaille. R\u00e9sistant \u00e0 la chaleur et \u00e0 la s\u00e9cheresse. Le pr\u00e9l\u00e8vement des fleurs coup\u00e9es stimule une floraison continuelle. Attire les oiseaux-mouches. Annuelle. Phlox Drummondii<\/p>\n<p>50-65 jours \u00e0 la floraison<\/p>\n<p>McKenzie<\/p>\n<p>&nbsp;<\/p>\n","protected":false},"excerpt":{"rendered":"<p>Voir disponibilit\u00e9 en magasin Belle lign\u00e9e de vari\u00e9t\u00e9s \u00e0 fleurs dans les tons de blanc saumon. \u00e9carlate et bleu, souvent avec un centre contrastant. Ils r\u00e9ussissent bien en bac, bo\u00eete \u00e0 fleurs, plate-bande et rocaille. R\u00e9sistant \u00e0 la chaleur et \u00e0 la s\u00e9cheresse. Le pr\u00e9l\u00e8vement des fleurs coup\u00e9es stimule une floraison continuelle. Attire les oiseaux-mouches. [&hellip;]<\/p>\n","protected":false},"featured_media":23724,"template":"","meta":[],"product_cat":[124],"product_tag":[],"acf":[],"_links":{"self":[{"href":"https:\/\/www.paysagesrossignol.com\/en\/wp-json\/wp\/v2\/product\/15872"}],"collection":[{"href":"https:\/\/www.paysagesrossignol.com\/en\/wp-json\/wp\/v2\/product"}],"about":[{"href":"https:\/\/www.paysagesrossignol.com\/en\/wp-json\/wp\/v2\/types\/product"}],"wp:featuredmedia":[{"embeddable":true,"href":"https:\/\/www.paysagesrossignol.com\/en\/wp-json\/wp\/v2\/media\/23724"}],"wp:attachment":[{"href":"https:\/\/www.paysagesrossignol.com\/en\/wp-json\/wp\/v2\/media?parent=15872"}],"wp:term":[{"taxonomy":"product_cat","embeddable":true,"href":"https:\/\/www.paysagesrossignol.com\/en\/wp-json\/wp\/v2\/product_cat?post=15872"},{"taxonomy":"product_tag","embeddable":true,"href":"https:\/\/www.paysagesrossignol.com\/en\/wp-json\/wp\/v2\/product_tag?post=15872"}],"curies":[{"name":"wp","href":"https:\/\/api.w.org\/{rel}","templated":true}]}}