{"id":15876,"date":"2026-03-10T00:00:09","date_gmt":"2026-03-10T04:00:09","guid":{"rendered":"https:\/\/www.paysagesrossignol.com\/produit\/pois-de-senteur-spencer-giant-en-melange\/"},"modified":"2026-03-12T11:49:25","modified_gmt":"2026-03-12T15:49:25","slug":"pois-de-senteur-spencer-giant-en-melange","status":"publish","type":"product","link":"https:\/\/www.paysagesrossignol.com\/en\/produit\/pois-de-senteur-spencer-giant-en-melange\/","title":{"rendered":"Pois de Senteur Spencer Giant en m\u00e9lange"},"content":{"rendered":"<h1>Voir disponibilit\u00e9 en magasin<\/h1>\n<p>Un tr\u00e8s joli m\u00e9lange de fleurs d\u00e9licieusement parfum\u00e9es. Tr\u00e8s populaire pour la plate-bande et les arrangements de fleurs coup\u00e9es. Thermor\u00e9sistant. Faite tremper les graines dans de l&#8217;eau \u00e0 temp\u00e9rature ambiante 12 \u00e0 24 heures avant le semis pour favoriser la germination. Recouvrir les racines de paillis pour les garder au frais et pour les aider \u00e0 demeurer humides. Annuelle. Lathyrus Odoratus<\/p>\n<p>65-90 jours \u00e0 la floraison<\/p>\n<p>McKenzie<\/p>\n<p>&nbsp;<\/p>\n","protected":false},"excerpt":{"rendered":"<p>Voir disponibilit\u00e9 en magasin Un tr\u00e8s joli m\u00e9lange de fleurs d\u00e9licieusement parfum\u00e9es. Tr\u00e8s populaire pour la plate-bande et les arrangements de fleurs coup\u00e9es. Thermor\u00e9sistant. Faite tremper les graines dans de l&#8217;eau \u00e0 temp\u00e9rature ambiante 12 \u00e0 24 heures avant le semis pour favoriser la germination. Recouvrir les racines de paillis pour les garder au frais [&hellip;]<\/p>\n","protected":false},"featured_media":23734,"template":"","meta":[],"product_cat":[124],"product_tag":[],"acf":[],"_links":{"self":[{"href":"https:\/\/www.paysagesrossignol.com\/en\/wp-json\/wp\/v2\/product\/15876"}],"collection":[{"href":"https:\/\/www.paysagesrossignol.com\/en\/wp-json\/wp\/v2\/product"}],"about":[{"href":"https:\/\/www.paysagesrossignol.com\/en\/wp-json\/wp\/v2\/types\/product"}],"wp:featuredmedia":[{"embeddable":true,"href":"https:\/\/www.paysagesrossignol.com\/en\/wp-json\/wp\/v2\/media\/23734"}],"wp:attachment":[{"href":"https:\/\/www.paysagesrossignol.com\/en\/wp-json\/wp\/v2\/media?parent=15876"}],"wp:term":[{"taxonomy":"product_cat","embeddable":true,"href":"https:\/\/www.paysagesrossignol.com\/en\/wp-json\/wp\/v2\/product_cat?post=15876"},{"taxonomy":"product_tag","embeddable":true,"href":"https:\/\/www.paysagesrossignol.com\/en\/wp-json\/wp\/v2\/product_tag?post=15876"}],"curies":[{"name":"wp","href":"https:\/\/api.w.org\/{rel}","templated":true}]}}