{"id":15886,"date":"2026-03-10T00:00:17","date_gmt":"2026-03-10T04:00:17","guid":{"rendered":"https:\/\/www.paysagesrossignol.com\/produit\/melon-miel-green-flesh\/"},"modified":"2026-03-10T17:14:35","modified_gmt":"2026-03-10T21:14:35","slug":"melon-miel-green-flesh","status":"publish","type":"product","link":"https:\/\/www.paysagesrossignol.com\/en\/produit\/melon-miel-green-flesh\/","title":{"rendered":"Melon Miel Green Flesh"},"content":{"rendered":"<h1>Voir disponibilit\u00e9 en magasin<\/h1>\n<p>La chair \u00e9paisse vert lime de ce melon \u00e0 peau lisse est incroyablement sucr\u00e9e avec une petite cavit\u00e9 de semences. Cette vari\u00e9t\u00e9 \u00e0 haut rendement produit des fruits de 18-23 cm (7-9&#8243;) de long et de 12,5-15 cm (5-6&#8243;) de diam\u00e8tre qui p\u00e8sent de 1,5 \u00e0 2,4 kg (3-6 lbs). Se conserve bien<\/p>\n<p>105-115 jours \u00e0 la r\u00e9colte<\/p>\n<p>McKenzie<\/p>\n<p>&nbsp;<\/p>\n","protected":false},"excerpt":{"rendered":"<p>Voir disponibilit\u00e9 en magasin La chair \u00e9paisse vert lime de ce melon \u00e0 peau lisse est incroyablement sucr\u00e9e avec une petite cavit\u00e9 de semences. Cette vari\u00e9t\u00e9 \u00e0 haut rendement produit des fruits de 18-23 cm (7-9&#8243;) de long et de 12,5-15 cm (5-6&#8243;) de diam\u00e8tre qui p\u00e8sent de 1,5 \u00e0 2,4 kg (3-6 lbs). Se [&hellip;]<\/p>\n","protected":false},"featured_media":23504,"template":"","meta":[],"product_cat":[125],"product_tag":[],"acf":[],"_links":{"self":[{"href":"https:\/\/www.paysagesrossignol.com\/en\/wp-json\/wp\/v2\/product\/15886"}],"collection":[{"href":"https:\/\/www.paysagesrossignol.com\/en\/wp-json\/wp\/v2\/product"}],"about":[{"href":"https:\/\/www.paysagesrossignol.com\/en\/wp-json\/wp\/v2\/types\/product"}],"wp:featuredmedia":[{"embeddable":true,"href":"https:\/\/www.paysagesrossignol.com\/en\/wp-json\/wp\/v2\/media\/23504"}],"wp:attachment":[{"href":"https:\/\/www.paysagesrossignol.com\/en\/wp-json\/wp\/v2\/media?parent=15886"}],"wp:term":[{"taxonomy":"product_cat","embeddable":true,"href":"https:\/\/www.paysagesrossignol.com\/en\/wp-json\/wp\/v2\/product_cat?post=15886"},{"taxonomy":"product_tag","embeddable":true,"href":"https:\/\/www.paysagesrossignol.com\/en\/wp-json\/wp\/v2\/product_tag?post=15886"}],"curies":[{"name":"wp","href":"https:\/\/api.w.org\/{rel}","templated":true}]}}