{"id":15894,"date":"2026-03-10T00:00:24","date_gmt":"2026-03-10T04:00:24","guid":{"rendered":"https:\/\/www.paysagesrossignol.com\/produit\/chou-frise-lacinato\/"},"modified":"2026-03-10T17:07:23","modified_gmt":"2026-03-10T21:07:23","slug":"chou-frise-lacinato","status":"publish","type":"product","link":"https:\/\/www.paysagesrossignol.com\/en\/produit\/chou-frise-lacinato\/","title":{"rendered":"Chou Fris\u00e9 Lacinato"},"content":{"rendered":"<h1>Voir disponibilit\u00e9 en magasin<\/h1>\n<p>Produit de longues feuilles d&#8217;un bleu-vert fonc\u00e9 de 8 x 25 cm (3 x 10&#8243;) \u00e0 reliefs. Populaire dans la cuisine italienne son go\u00fbt \u00e9tant l\u00e9g\u00e8rement plus sucr\u00e9 et d\u00e9licat que celui du chou fris\u00e9. Sa saveur est accentu\u00e9e par le gel.<\/p>\n<p>30-60 jours \u00e0 la r\u00e9colte<\/p>\n<p>McKenzie<\/p>\n<p>&nbsp;<\/p>\n","protected":false},"excerpt":{"rendered":"<p>Voir disponibilit\u00e9 en magasin Produit de longues feuilles d&#8217;un bleu-vert fonc\u00e9 de 8 x 25 cm (3 x 10&#8243;) \u00e0 reliefs. Populaire dans la cuisine italienne son go\u00fbt \u00e9tant l\u00e9g\u00e8rement plus sucr\u00e9 et d\u00e9licat que celui du chou fris\u00e9. Sa saveur est accentu\u00e9e par le gel. 30-60 jours \u00e0 la r\u00e9colte McKenzie &nbsp;<\/p>\n","protected":false},"featured_media":28072,"template":"","meta":[],"product_cat":[125],"product_tag":[],"acf":[],"_links":{"self":[{"href":"https:\/\/www.paysagesrossignol.com\/en\/wp-json\/wp\/v2\/product\/15894"}],"collection":[{"href":"https:\/\/www.paysagesrossignol.com\/en\/wp-json\/wp\/v2\/product"}],"about":[{"href":"https:\/\/www.paysagesrossignol.com\/en\/wp-json\/wp\/v2\/types\/product"}],"wp:featuredmedia":[{"embeddable":true,"href":"https:\/\/www.paysagesrossignol.com\/en\/wp-json\/wp\/v2\/media\/28072"}],"wp:attachment":[{"href":"https:\/\/www.paysagesrossignol.com\/en\/wp-json\/wp\/v2\/media?parent=15894"}],"wp:term":[{"taxonomy":"product_cat","embeddable":true,"href":"https:\/\/www.paysagesrossignol.com\/en\/wp-json\/wp\/v2\/product_cat?post=15894"},{"taxonomy":"product_tag","embeddable":true,"href":"https:\/\/www.paysagesrossignol.com\/en\/wp-json\/wp\/v2\/product_tag?post=15894"}],"curies":[{"name":"wp","href":"https:\/\/api.w.org\/{rel}","templated":true}]}}