{"id":15898,"date":"2026-03-10T00:00:32","date_gmt":"2026-03-10T04:00:32","guid":{"rendered":"https:\/\/www.paysagesrossignol.com\/produit\/plate-bande-dantan\/"},"modified":"2026-03-12T15:00:03","modified_gmt":"2026-03-12T19:00:03","slug":"plate-bande-dantan","status":"publish","type":"product","link":"https:\/\/www.paysagesrossignol.com\/en\/produit\/plate-bande-dantan\/","title":{"rendered":"Plate-bande d&#8217;antan"},"content":{"rendered":"<h1>Voir disponibilit\u00e9 en magasin<\/h1>\n<p>Un m\u00e9lange de vari\u00e9t\u00e9s annuelles de tailles et couleurs d&#8217;une grande gamme. Le r\u00e9sultat final peut diff\u00e9rer de l&#8217;illustration sur le sachet. Annuelle.<\/p>\n<p>Contents\/Contient: Alyssum Maritima, Calendula Officinalis, Cheiranthus Allionii, Convolvulus Tricolor, Coreopsis Lanceolata, Cynoglossum Amabile, Dianthus Barbatus, Dianthus Heddewigii, Eschscholzia Californica, Gilia Tricolor, Iberis Umbellata, Lupinus Pixie Delight, Malcolmia Maritima, Matthiola Bicornis, Mirabilis Jalapa, Silene Armeria<\/p>\n<p>40-100 jours \u00e0 la floraison<\/p>\n<p>McKenzie<\/p>\n<p>&nbsp;<\/p>\n","protected":false},"excerpt":{"rendered":"<p>Voir disponibilit\u00e9 en magasin Un m\u00e9lange de vari\u00e9t\u00e9s annuelles de tailles et couleurs d&#8217;une grande gamme. Le r\u00e9sultat final peut diff\u00e9rer de l&#8217;illustration sur le sachet. Annuelle. Contents\/Contient: Alyssum Maritima, Calendula Officinalis, Cheiranthus Allionii, Convolvulus Tricolor, Coreopsis Lanceolata, Cynoglossum Amabile, Dianthus Barbatus, Dianthus Heddewigii, Eschscholzia Californica, Gilia Tricolor, Iberis Umbellata, Lupinus Pixie Delight, Malcolmia Maritima, [&hellip;]<\/p>\n","protected":false},"featured_media":29430,"template":"","meta":[],"product_cat":[124],"product_tag":[],"acf":[],"_links":{"self":[{"href":"https:\/\/www.paysagesrossignol.com\/en\/wp-json\/wp\/v2\/product\/15898"}],"collection":[{"href":"https:\/\/www.paysagesrossignol.com\/en\/wp-json\/wp\/v2\/product"}],"about":[{"href":"https:\/\/www.paysagesrossignol.com\/en\/wp-json\/wp\/v2\/types\/product"}],"wp:featuredmedia":[{"embeddable":true,"href":"https:\/\/www.paysagesrossignol.com\/en\/wp-json\/wp\/v2\/media\/29430"}],"wp:attachment":[{"href":"https:\/\/www.paysagesrossignol.com\/en\/wp-json\/wp\/v2\/media?parent=15898"}],"wp:term":[{"taxonomy":"product_cat","embeddable":true,"href":"https:\/\/www.paysagesrossignol.com\/en\/wp-json\/wp\/v2\/product_cat?post=15898"},{"taxonomy":"product_tag","embeddable":true,"href":"https:\/\/www.paysagesrossignol.com\/en\/wp-json\/wp\/v2\/product_tag?post=15898"}],"curies":[{"name":"wp","href":"https:\/\/api.w.org\/{rel}","templated":true}]}}