{"id":15902,"date":"2026-03-10T00:00:32","date_gmt":"2026-03-10T04:00:32","guid":{"rendered":"https:\/\/www.paysagesrossignol.com\/produit\/lavatere-twins-hot-pink\/"},"modified":"2026-03-12T15:01:17","modified_gmt":"2026-03-12T19:01:17","slug":"lavatere-twins-hot-pink","status":"publish","type":"product","link":"https:\/\/www.paysagesrossignol.com\/en\/produit\/lavatere-twins-hot-pink\/","title":{"rendered":"Lavat\u00e8re Twins Hot Pink"},"content":{"rendered":"<h1>Voir disponibilit\u00e9 en magasin<\/h1>\n<p>Cette Lavat\u00e8re compacte r\u00e9cipiendaire de plusieurs prix se targue de produire l&#8217;un des plus spectaculaires \u00e9talages de fleurs brillantes et satin\u00e9es sur le march\u00e9. Les fleurs en coupe ressemblent \u00e0 des roses tr\u00e9mi\u00e8res ou des hibiscus simples et poussent rapidement \u00e0 partir de semences, formant des plants au port uniforme qui fleurissent durant tout l&#8217;\u00e9t\u00e9. Cette annuelle de culture facile fait un ajout saisissant aux bacs et aux plates-bandes et est aussi une fleur coup\u00e9e hors pair. Annuelle. Lavatera Trimestris<\/p>\n<p>63-70 jours \u00e0 la floraison<\/p>\n<p>McKenzie<\/p>\n<p>&nbsp;<\/p>\n","protected":false},"excerpt":{"rendered":"<p>Voir disponibilit\u00e9 en magasin Cette Lavat\u00e8re compacte r\u00e9cipiendaire de plusieurs prix se targue de produire l&#8217;un des plus spectaculaires \u00e9talages de fleurs brillantes et satin\u00e9es sur le march\u00e9. Les fleurs en coupe ressemblent \u00e0 des roses tr\u00e9mi\u00e8res ou des hibiscus simples et poussent rapidement \u00e0 partir de semences, formant des plants au port uniforme qui [&hellip;]<\/p>\n","protected":false},"featured_media":23757,"template":"","meta":[],"product_cat":[124],"product_tag":[],"acf":[],"_links":{"self":[{"href":"https:\/\/www.paysagesrossignol.com\/en\/wp-json\/wp\/v2\/product\/15902"}],"collection":[{"href":"https:\/\/www.paysagesrossignol.com\/en\/wp-json\/wp\/v2\/product"}],"about":[{"href":"https:\/\/www.paysagesrossignol.com\/en\/wp-json\/wp\/v2\/types\/product"}],"wp:featuredmedia":[{"embeddable":true,"href":"https:\/\/www.paysagesrossignol.com\/en\/wp-json\/wp\/v2\/media\/23757"}],"wp:attachment":[{"href":"https:\/\/www.paysagesrossignol.com\/en\/wp-json\/wp\/v2\/media?parent=15902"}],"wp:term":[{"taxonomy":"product_cat","embeddable":true,"href":"https:\/\/www.paysagesrossignol.com\/en\/wp-json\/wp\/v2\/product_cat?post=15902"},{"taxonomy":"product_tag","embeddable":true,"href":"https:\/\/www.paysagesrossignol.com\/en\/wp-json\/wp\/v2\/product_tag?post=15902"}],"curies":[{"name":"wp","href":"https:\/\/api.w.org\/{rel}","templated":true}]}}