{"id":15906,"date":"2026-03-10T00:00:32","date_gmt":"2026-03-10T04:00:32","guid":{"rendered":"https:\/\/www.paysagesrossignol.com\/produit\/bette-a-carde-rhubarb-2\/"},"modified":"2026-03-10T15:21:23","modified_gmt":"2026-03-10T19:21:23","slug":"bette-a-carde-rhubarb-2","status":"publish","type":"product","link":"https:\/\/www.paysagesrossignol.com\/en\/produit\/bette-a-carde-rhubarb-2\/","title":{"rendered":"Bette \u00e0 Carde Rhubarb"},"content":{"rendered":"<h1>Voir disponibilit\u00e9 en magasin<\/h1>\n<p>Par ses p\u00e9doncules cramoisi et ses larges feuilles vert fonc\u00e9, ressemble \u00e0 la rhubarbe. Riche en vitamines, les p\u00e9doncules et les feuilles, font de belles salades et peuvent servir de l\u00e9gume d&#8217;accompagnement une fois cuits. On les cueille pendant pendant toute la saison, pr\u00e9levant les feuilles ext\u00e9rieures et laissant les jeunes pousses poursuivre leur croissance.<\/p>\n<p>50-65 jours \u00e0 la r\u00e9colte<\/p>\n<p>McKenzie<\/p>\n<p>&nbsp;<\/p>\n<p>&nbsp;<\/p>\n","protected":false},"excerpt":{"rendered":"<p>Voir disponibilit\u00e9 en magasin Par ses p\u00e9doncules cramoisi et ses larges feuilles vert fonc\u00e9, ressemble \u00e0 la rhubarbe. Riche en vitamines, les p\u00e9doncules et les feuilles, font de belles salades et peuvent servir de l\u00e9gume d&#8217;accompagnement une fois cuits. On les cueille pendant pendant toute la saison, pr\u00e9levant les feuilles ext\u00e9rieures et laissant les jeunes [&hellip;]<\/p>\n","protected":false},"featured_media":29289,"template":"","meta":[],"product_cat":[125],"product_tag":[],"acf":[],"_links":{"self":[{"href":"https:\/\/www.paysagesrossignol.com\/en\/wp-json\/wp\/v2\/product\/15906"}],"collection":[{"href":"https:\/\/www.paysagesrossignol.com\/en\/wp-json\/wp\/v2\/product"}],"about":[{"href":"https:\/\/www.paysagesrossignol.com\/en\/wp-json\/wp\/v2\/types\/product"}],"wp:featuredmedia":[{"embeddable":true,"href":"https:\/\/www.paysagesrossignol.com\/en\/wp-json\/wp\/v2\/media\/29289"}],"wp:attachment":[{"href":"https:\/\/www.paysagesrossignol.com\/en\/wp-json\/wp\/v2\/media?parent=15906"}],"wp:term":[{"taxonomy":"product_cat","embeddable":true,"href":"https:\/\/www.paysagesrossignol.com\/en\/wp-json\/wp\/v2\/product_cat?post=15906"},{"taxonomy":"product_tag","embeddable":true,"href":"https:\/\/www.paysagesrossignol.com\/en\/wp-json\/wp\/v2\/product_tag?post=15906"}],"curies":[{"name":"wp","href":"https:\/\/api.w.org\/{rel}","templated":true}]}}