{"id":15908,"date":"2026-03-10T00:00:39","date_gmt":"2026-03-10T04:00:39","guid":{"rendered":"https:\/\/www.paysagesrossignol.com\/produit\/chou-frise-red-russian\/"},"modified":"2026-03-10T17:06:06","modified_gmt":"2026-03-10T21:06:06","slug":"chou-frise-red-russian","status":"publish","type":"product","link":"https:\/\/www.paysagesrossignol.com\/en\/produit\/chou-frise-red-russian\/","title":{"rendered":"Chou Fris\u00e9 Red Russian"},"content":{"rendered":"<h1>Voir disponibilit\u00e9 en magasin<\/h1>\n<p>Les feuilles vertes fonc\u00e9es contiennent plus de vitamines et de min\u00e9raux que les autres l\u00e9gumes verts. Les taches de rouge et de pourpre sont plus prononc\u00e9es apr\u00e8s le gel d&#8217;auntomne, les feuilles deviennent tendres et plus douces lors de la cuisson. Tr\u00e8s bon dans les salades, cuit \u00e0 la vapeur ou en saut\u00e9e.<\/p>\n<p>60 jours \u00e0 la r\u00e9colte<\/p>\n<p>McKenzie<\/p>\n","protected":false},"excerpt":{"rendered":"<p>Voir disponibilit\u00e9 en magasin Les feuilles vertes fonc\u00e9es contiennent plus de vitamines et de min\u00e9raux que les autres l\u00e9gumes verts. Les taches de rouge et de pourpre sont plus prononc\u00e9es apr\u00e8s le gel d&#8217;auntomne, les feuilles deviennent tendres et plus douces lors de la cuisson. Tr\u00e8s bon dans les salades, cuit \u00e0 la vapeur ou [&hellip;]<\/p>\n","protected":false},"featured_media":29349,"template":"","meta":[],"product_cat":[125],"product_tag":[],"acf":[],"_links":{"self":[{"href":"https:\/\/www.paysagesrossignol.com\/en\/wp-json\/wp\/v2\/product\/15908"}],"collection":[{"href":"https:\/\/www.paysagesrossignol.com\/en\/wp-json\/wp\/v2\/product"}],"about":[{"href":"https:\/\/www.paysagesrossignol.com\/en\/wp-json\/wp\/v2\/types\/product"}],"wp:featuredmedia":[{"embeddable":true,"href":"https:\/\/www.paysagesrossignol.com\/en\/wp-json\/wp\/v2\/media\/29349"}],"wp:attachment":[{"href":"https:\/\/www.paysagesrossignol.com\/en\/wp-json\/wp\/v2\/media?parent=15908"}],"wp:term":[{"taxonomy":"product_cat","embeddable":true,"href":"https:\/\/www.paysagesrossignol.com\/en\/wp-json\/wp\/v2\/product_cat?post=15908"},{"taxonomy":"product_tag","embeddable":true,"href":"https:\/\/www.paysagesrossignol.com\/en\/wp-json\/wp\/v2\/product_tag?post=15908"}],"curies":[{"name":"wp","href":"https:\/\/api.w.org\/{rel}","templated":true}]}}