{"id":15928,"date":"2023-03-10T00:00:54","date_gmt":"2023-03-10T05:00:54","guid":{"rendered":"https:\/\/www.paysagesrossignol.com\/produit\/lobelie-crystal-palace\/"},"modified":"2026-03-12T14:56:48","modified_gmt":"2026-03-12T18:56:48","slug":"lobelie-crystal-palace","status":"publish","type":"product","link":"https:\/\/www.paysagesrossignol.com\/en\/produit\/lobelie-crystal-palace\/","title":{"rendered":"Lob\u00e9lie Crystal Palace"},"content":{"rendered":"<h1>Voir disponibilit\u00e9 en magasin<\/h1>\n<p>Des fleurs avec un feuillage vert-bronz\u00e9 retombent gracieusement de vos jardini\u00e8res et bo\u00eetes \u00e0 fleurs. La lob\u00e9lie convient merveilleusement pour la rocaille et pour d\u00e9limiter les zones gazonn\u00e9es. Avis: Toutes les parties de cette plantes sont toxique si consomm\u00e9e. Annuelle. Lobelia Erinus<\/p>\n<p>60-75 jours \u00e0 la floraison<\/p>\n<p>McKenzie<\/p>\n<p>&nbsp;<\/p>\n<p>&nbsp;<\/p>\n","protected":false},"excerpt":{"rendered":"<p>Voir disponibilit\u00e9 en magasin Des fleurs avec un feuillage vert-bronz\u00e9 retombent gracieusement de vos jardini\u00e8res et bo\u00eetes \u00e0 fleurs. La lob\u00e9lie convient merveilleusement pour la rocaille et pour d\u00e9limiter les zones gazonn\u00e9es. Avis: Toutes les parties de cette plantes sont toxique si consomm\u00e9e. Annuelle. Lobelia Erinus 60-75 jours \u00e0 la floraison McKenzie &nbsp; &nbsp;<\/p>\n","protected":false},"featured_media":23761,"template":"","meta":[],"product_cat":[124],"product_tag":[],"acf":[],"_links":{"self":[{"href":"https:\/\/www.paysagesrossignol.com\/en\/wp-json\/wp\/v2\/product\/15928"}],"collection":[{"href":"https:\/\/www.paysagesrossignol.com\/en\/wp-json\/wp\/v2\/product"}],"about":[{"href":"https:\/\/www.paysagesrossignol.com\/en\/wp-json\/wp\/v2\/types\/product"}],"wp:featuredmedia":[{"embeddable":true,"href":"https:\/\/www.paysagesrossignol.com\/en\/wp-json\/wp\/v2\/media\/23761"}],"wp:attachment":[{"href":"https:\/\/www.paysagesrossignol.com\/en\/wp-json\/wp\/v2\/media?parent=15928"}],"wp:term":[{"taxonomy":"product_cat","embeddable":true,"href":"https:\/\/www.paysagesrossignol.com\/en\/wp-json\/wp\/v2\/product_cat?post=15928"},{"taxonomy":"product_tag","embeddable":true,"href":"https:\/\/www.paysagesrossignol.com\/en\/wp-json\/wp\/v2\/product_tag?post=15928"}],"curies":[{"name":"wp","href":"https:\/\/api.w.org\/{rel}","templated":true}]}}