{"id":15930,"date":"2026-03-10T00:00:54","date_gmt":"2026-03-10T04:00:54","guid":{"rendered":"https:\/\/www.paysagesrossignol.com\/produit\/laitue-romaine-jadeite-bio\/"},"modified":"2026-03-20T10:35:58","modified_gmt":"2026-03-20T14:35:58","slug":"laitue-romaine-jadeite-bio","status":"publish","type":"product","link":"https:\/\/www.paysagesrossignol.com\/en\/produit\/laitue-romaine-jadeite-bio\/","title":{"rendered":"Laitue Romaine Jadeite &#8211; Bio"},"content":{"rendered":"<h1>Voir disponibilit\u00e9 en magasin<\/h1>\n<p>Une mini laitue romaine verte avec une t\u00eate ferme et des feuilles sucr\u00e9es et douces. Une cr\u00e9ation de Wild Garden Seed.<\/p>\n<p>400 semences<\/p>\n<p>Tournesol<\/p>\n<p>&nbsp;<\/p>\n","protected":false},"excerpt":{"rendered":"<p>Voir disponibilit\u00e9 en magasin Une mini laitue romaine verte avec une t\u00eate ferme et des feuilles sucr\u00e9es et douces. Une cr\u00e9ation de Wild Garden Seed. 400 semences Tournesol &nbsp;<\/p>\n","protected":false},"featured_media":22936,"template":"","meta":[],"product_cat":[123],"product_tag":[],"acf":[],"_links":{"self":[{"href":"https:\/\/www.paysagesrossignol.com\/en\/wp-json\/wp\/v2\/product\/15930"}],"collection":[{"href":"https:\/\/www.paysagesrossignol.com\/en\/wp-json\/wp\/v2\/product"}],"about":[{"href":"https:\/\/www.paysagesrossignol.com\/en\/wp-json\/wp\/v2\/types\/product"}],"wp:featuredmedia":[{"embeddable":true,"href":"https:\/\/www.paysagesrossignol.com\/en\/wp-json\/wp\/v2\/media\/22936"}],"wp:attachment":[{"href":"https:\/\/www.paysagesrossignol.com\/en\/wp-json\/wp\/v2\/media?parent=15930"}],"wp:term":[{"taxonomy":"product_cat","embeddable":true,"href":"https:\/\/www.paysagesrossignol.com\/en\/wp-json\/wp\/v2\/product_cat?post=15930"},{"taxonomy":"product_tag","embeddable":true,"href":"https:\/\/www.paysagesrossignol.com\/en\/wp-json\/wp\/v2\/product_tag?post=15930"}],"curies":[{"name":"wp","href":"https:\/\/api.w.org\/{rel}","templated":true}]}}