{"id":15950,"date":"2026-03-10T00:00:07","date_gmt":"2026-03-10T04:00:07","guid":{"rendered":"https:\/\/www.paysagesrossignol.com\/produit\/concombre-des-champs-tourne-sol-bio\/"},"modified":"2026-03-20T12:56:21","modified_gmt":"2026-03-20T16:56:21","slug":"concombre-des-champs-tourne-sol-bio","status":"publish","type":"product","link":"https:\/\/www.paysagesrossignol.com\/en\/produit\/concombre-des-champs-tourne-sol-bio\/","title":{"rendered":"Concombre des Champs Tourne-Sol &#8211; Bio"},"content":{"rendered":"<h1>Voir disponibilit\u00e9 en magasin<\/h1>\n<p>Concombres verts de 6-8&#8243;. Nous avons d\u00e9velopp\u00e9 cette vari\u00e9t\u00e9 \u00e0 haut rendement \u00e0 partir des concombres cultiv\u00e9s sur notre ferme.<\/p>\n<p>35 semences<\/p>\n<p>Tournesol<\/p>\n","protected":false},"excerpt":{"rendered":"<p>Voir disponibilit\u00e9 en magasin Concombres verts de 6-8&#8243;. Nous avons d\u00e9velopp\u00e9 cette vari\u00e9t\u00e9 \u00e0 haut rendement \u00e0 partir des concombres cultiv\u00e9s sur notre ferme. 35 semences Tournesol<\/p>\n","protected":false},"featured_media":22997,"template":"","meta":[],"product_cat":[123],"product_tag":[],"acf":[],"_links":{"self":[{"href":"https:\/\/www.paysagesrossignol.com\/en\/wp-json\/wp\/v2\/product\/15950"}],"collection":[{"href":"https:\/\/www.paysagesrossignol.com\/en\/wp-json\/wp\/v2\/product"}],"about":[{"href":"https:\/\/www.paysagesrossignol.com\/en\/wp-json\/wp\/v2\/types\/product"}],"wp:featuredmedia":[{"embeddable":true,"href":"https:\/\/www.paysagesrossignol.com\/en\/wp-json\/wp\/v2\/media\/22997"}],"wp:attachment":[{"href":"https:\/\/www.paysagesrossignol.com\/en\/wp-json\/wp\/v2\/media?parent=15950"}],"wp:term":[{"taxonomy":"product_cat","embeddable":true,"href":"https:\/\/www.paysagesrossignol.com\/en\/wp-json\/wp\/v2\/product_cat?post=15950"},{"taxonomy":"product_tag","embeddable":true,"href":"https:\/\/www.paysagesrossignol.com\/en\/wp-json\/wp\/v2\/product_tag?post=15950"}],"curies":[{"name":"wp","href":"https:\/\/api.w.org\/{rel}","templated":true}]}}