{"id":15954,"date":"2026-03-10T00:00:07","date_gmt":"2026-03-10T04:00:07","guid":{"rendered":"https:\/\/www.paysagesrossignol.com\/produit\/oignon-a-botteler-parade-bio-2\/"},"modified":"2026-03-20T10:56:51","modified_gmt":"2026-03-20T14:56:51","slug":"oignon-a-botteler-parade-bio-2","status":"publish","type":"product","link":"https:\/\/www.paysagesrossignol.com\/en\/produit\/oignon-a-botteler-parade-bio-2\/","title":{"rendered":"Oignon \u00e0 Botteler Parade &#8211; Bio"},"content":{"rendered":"<h1>Voir disponibilit\u00e9 en magasin<\/h1>\n<p>Oignon \u00e0 botteler avec de longues tiges blanches. Hachez-les et ajoutez-les \u00e0 n&#8217;importe quoi!<\/p>\n<p>150 semences<\/p>\n<p>Tournesol<\/p>\n<p>&nbsp;<\/p>\n","protected":false},"excerpt":{"rendered":"<p>Voir disponibilit\u00e9 en magasin Oignon \u00e0 botteler avec de longues tiges blanches. Hachez-les et ajoutez-les \u00e0 n&#8217;importe quoi! 150 semences Tournesol &nbsp;<\/p>\n","protected":false},"featured_media":22920,"template":"","meta":[],"product_cat":[123],"product_tag":[],"acf":[],"_links":{"self":[{"href":"https:\/\/www.paysagesrossignol.com\/en\/wp-json\/wp\/v2\/product\/15954"}],"collection":[{"href":"https:\/\/www.paysagesrossignol.com\/en\/wp-json\/wp\/v2\/product"}],"about":[{"href":"https:\/\/www.paysagesrossignol.com\/en\/wp-json\/wp\/v2\/types\/product"}],"wp:featuredmedia":[{"embeddable":true,"href":"https:\/\/www.paysagesrossignol.com\/en\/wp-json\/wp\/v2\/media\/22920"}],"wp:attachment":[{"href":"https:\/\/www.paysagesrossignol.com\/en\/wp-json\/wp\/v2\/media?parent=15954"}],"wp:term":[{"taxonomy":"product_cat","embeddable":true,"href":"https:\/\/www.paysagesrossignol.com\/en\/wp-json\/wp\/v2\/product_cat?post=15954"},{"taxonomy":"product_tag","embeddable":true,"href":"https:\/\/www.paysagesrossignol.com\/en\/wp-json\/wp\/v2\/product_tag?post=15954"}],"curies":[{"name":"wp","href":"https:\/\/api.w.org\/{rel}","templated":true}]}}