{"id":15956,"date":"2026-03-10T00:00:07","date_gmt":"2026-03-10T04:00:07","guid":{"rendered":"https:\/\/www.paysagesrossignol.com\/produit\/navet-blanc-a-collet-violet-bio-3\/"},"modified":"2026-03-20T08:25:18","modified_gmt":"2026-03-20T12:25:18","slug":"navet-blanc-a-collet-violet-bio-3","status":"publish","type":"product","link":"https:\/\/www.paysagesrossignol.com\/en\/produit\/navet-blanc-a-collet-violet-bio-3\/","title":{"rendered":"Navet Blanc \u00e0 Collet Violet &#8211; Bio"},"content":{"rendered":"<h1>Voir disponibilit\u00e9 en magasin<\/h1>\n<p>R\u00e9coltez-le \u00e0 3-4&#8243; de diam\u00e8tre. Les feuilles peuvent aussi \u00eatre mang\u00e9es saut\u00e9es ou en salade. Du PATRIMOINE.<\/p>\n<p>500 semences<\/p>\n<p>Tournesol<\/p>\n<p>&nbsp;<\/p>\n","protected":false},"excerpt":{"rendered":"<p>Voir disponibilit\u00e9 en magasin R\u00e9coltez-le \u00e0 3-4&#8243; de diam\u00e8tre. Les feuilles peuvent aussi \u00eatre mang\u00e9es saut\u00e9es ou en salade. Du PATRIMOINE. 500 semences Tournesol &nbsp;<\/p>\n","protected":false},"featured_media":25413,"template":"","meta":[],"product_cat":[123],"product_tag":[],"acf":[],"_links":{"self":[{"href":"https:\/\/www.paysagesrossignol.com\/en\/wp-json\/wp\/v2\/product\/15956"}],"collection":[{"href":"https:\/\/www.paysagesrossignol.com\/en\/wp-json\/wp\/v2\/product"}],"about":[{"href":"https:\/\/www.paysagesrossignol.com\/en\/wp-json\/wp\/v2\/types\/product"}],"wp:featuredmedia":[{"embeddable":true,"href":"https:\/\/www.paysagesrossignol.com\/en\/wp-json\/wp\/v2\/media\/25413"}],"wp:attachment":[{"href":"https:\/\/www.paysagesrossignol.com\/en\/wp-json\/wp\/v2\/media?parent=15956"}],"wp:term":[{"taxonomy":"product_cat","embeddable":true,"href":"https:\/\/www.paysagesrossignol.com\/en\/wp-json\/wp\/v2\/product_cat?post=15956"},{"taxonomy":"product_tag","embeddable":true,"href":"https:\/\/www.paysagesrossignol.com\/en\/wp-json\/wp\/v2\/product_tag?post=15956"}],"curies":[{"name":"wp","href":"https:\/\/api.w.org\/{rel}","templated":true}]}}