{"id":15962,"date":"2026-03-10T00:00:14","date_gmt":"2026-03-10T04:00:14","guid":{"rendered":"https:\/\/www.paysagesrossignol.com\/produit\/betterave-touchstone-gold-bio-2\/"},"modified":"2026-03-19T16:12:53","modified_gmt":"2026-03-19T20:12:53","slug":"betterave-touchstone-gold-bio-2","status":"publish","type":"product","link":"https:\/\/www.paysagesrossignol.com\/en\/produit\/betterave-touchstone-gold-bio-2\/","title":{"rendered":"Betterave Touchstone Gold &#8211; Bio"},"content":{"rendered":"<h1>Voir disponibilit\u00e9 en magasin<\/h1>\n<p>Racine sucr\u00e9es avec chair orange \u00e9clatante. Ne tachent pas comme les rouges.<\/p>\n<p>70 semences<\/p>\n<p>Tournesol<\/p>\n<p>&nbsp;<\/p>\n","protected":false},"excerpt":{"rendered":"<p>Voir disponibilit\u00e9 en magasin Racine sucr\u00e9es avec chair orange \u00e9clatante. Ne tachent pas comme les rouges. 70 semences Tournesol &nbsp;<\/p>\n","protected":false},"featured_media":22989,"template":"","meta":[],"product_cat":[123],"product_tag":[],"acf":[],"_links":{"self":[{"href":"https:\/\/www.paysagesrossignol.com\/en\/wp-json\/wp\/v2\/product\/15962"}],"collection":[{"href":"https:\/\/www.paysagesrossignol.com\/en\/wp-json\/wp\/v2\/product"}],"about":[{"href":"https:\/\/www.paysagesrossignol.com\/en\/wp-json\/wp\/v2\/types\/product"}],"wp:featuredmedia":[{"embeddable":true,"href":"https:\/\/www.paysagesrossignol.com\/en\/wp-json\/wp\/v2\/media\/22989"}],"wp:attachment":[{"href":"https:\/\/www.paysagesrossignol.com\/en\/wp-json\/wp\/v2\/media?parent=15962"}],"wp:term":[{"taxonomy":"product_cat","embeddable":true,"href":"https:\/\/www.paysagesrossignol.com\/en\/wp-json\/wp\/v2\/product_cat?post=15962"},{"taxonomy":"product_tag","embeddable":true,"href":"https:\/\/www.paysagesrossignol.com\/en\/wp-json\/wp\/v2\/product_tag?post=15962"}],"curies":[{"name":"wp","href":"https:\/\/api.w.org\/{rel}","templated":true}]}}