{"id":15986,"date":"2026-03-10T00:00:27","date_gmt":"2026-03-10T04:00:27","guid":{"rendered":"https:\/\/www.paysagesrossignol.com\/produit\/radis-daikon-bio\/"},"modified":"2026-03-19T16:04:58","modified_gmt":"2026-03-19T20:04:58","slug":"radis-daikon-bio","status":"publish","type":"product","link":"https:\/\/www.paysagesrossignol.com\/en\/produit\/radis-daikon-bio\/","title":{"rendered":"Radis Daikon &#8211; Bio"},"content":{"rendered":"<h1>Voir disponibilit\u00e9 en magasin<\/h1>\n<p>Long radis blanc du japon. Mang\u00e9 cru ou en soupe. Aussi utilis\u00e9 en fermentation\/conserves.<\/p>\n<p>150 semences<\/p>\n<p>Tournesol<\/p>\n<p>&nbsp;<\/p>\n","protected":false},"excerpt":{"rendered":"<p>Voir disponibilit\u00e9 en magasin Long radis blanc du japon. Mang\u00e9 cru ou en soupe. Aussi utilis\u00e9 en fermentation\/conserves. 150 semences Tournesol &nbsp;<\/p>\n","protected":false},"featured_media":25344,"template":"","meta":[],"product_cat":[123],"product_tag":[],"acf":[],"_links":{"self":[{"href":"https:\/\/www.paysagesrossignol.com\/en\/wp-json\/wp\/v2\/product\/15986"}],"collection":[{"href":"https:\/\/www.paysagesrossignol.com\/en\/wp-json\/wp\/v2\/product"}],"about":[{"href":"https:\/\/www.paysagesrossignol.com\/en\/wp-json\/wp\/v2\/types\/product"}],"wp:featuredmedia":[{"embeddable":true,"href":"https:\/\/www.paysagesrossignol.com\/en\/wp-json\/wp\/v2\/media\/25344"}],"wp:attachment":[{"href":"https:\/\/www.paysagesrossignol.com\/en\/wp-json\/wp\/v2\/media?parent=15986"}],"wp:term":[{"taxonomy":"product_cat","embeddable":true,"href":"https:\/\/www.paysagesrossignol.com\/en\/wp-json\/wp\/v2\/product_cat?post=15986"},{"taxonomy":"product_tag","embeddable":true,"href":"https:\/\/www.paysagesrossignol.com\/en\/wp-json\/wp\/v2\/product_tag?post=15986"}],"curies":[{"name":"wp","href":"https:\/\/api.w.org\/{rel}","templated":true}]}}