{"id":15990,"date":"2026-03-10T00:00:34","date_gmt":"2026-03-10T04:00:34","guid":{"rendered":"https:\/\/www.paysagesrossignol.com\/produit\/carotte-dolciva\/"},"modified":"2026-03-19T15:28:10","modified_gmt":"2026-03-19T19:28:10","slug":"carotte-dolciva","status":"publish","type":"product","link":"https:\/\/www.paysagesrossignol.com\/en\/produit\/carotte-dolciva\/","title":{"rendered":"Carotte Dolciva &#8211; Bio"},"content":{"rendered":"<h1>Voir disponibilit\u00e9 en magasin<\/h1>\n<p>Carotte sucr\u00e9e, juteuse, croquante et qui se conserve tr\u00e8s bien!<\/p>\n<p>400 semences<\/p>\n<p>Tournesol<\/p>\n<p>&nbsp;<\/p>\n","protected":false},"excerpt":{"rendered":"<p>Voir disponibilit\u00e9 en magasin Carotte sucr\u00e9e, juteuse, croquante et qui se conserve tr\u00e8s bien! 400 semences Tournesol &nbsp;<\/p>\n","protected":false},"featured_media":25316,"template":"","meta":[],"product_cat":[123],"product_tag":[],"acf":[],"_links":{"self":[{"href":"https:\/\/www.paysagesrossignol.com\/en\/wp-json\/wp\/v2\/product\/15990"}],"collection":[{"href":"https:\/\/www.paysagesrossignol.com\/en\/wp-json\/wp\/v2\/product"}],"about":[{"href":"https:\/\/www.paysagesrossignol.com\/en\/wp-json\/wp\/v2\/types\/product"}],"wp:featuredmedia":[{"embeddable":true,"href":"https:\/\/www.paysagesrossignol.com\/en\/wp-json\/wp\/v2\/media\/25316"}],"wp:attachment":[{"href":"https:\/\/www.paysagesrossignol.com\/en\/wp-json\/wp\/v2\/media?parent=15990"}],"wp:term":[{"taxonomy":"product_cat","embeddable":true,"href":"https:\/\/www.paysagesrossignol.com\/en\/wp-json\/wp\/v2\/product_cat?post=15990"},{"taxonomy":"product_tag","embeddable":true,"href":"https:\/\/www.paysagesrossignol.com\/en\/wp-json\/wp\/v2\/product_tag?post=15990"}],"curies":[{"name":"wp","href":"https:\/\/api.w.org\/{rel}","templated":true}]}}