{"id":16081,"date":"2026-03-30T00:00:28","date_gmt":"2026-03-30T04:00:28","guid":{"rendered":"https:\/\/www.paysagesrossignol.com\/produit\/terreau-de-plantation\/"},"modified":"2026-03-30T15:41:04","modified_gmt":"2026-03-30T19:41:04","slug":"terreau-de-plantation","status":"publish","type":"product","link":"https:\/\/www.paysagesrossignol.com\/en\/produit\/terreau-de-plantation\/","title":{"rendered":"Terreau de Plantation"},"content":{"rendered":"<h1>Voir disponibilit\u00e9 en magasin<\/h1>\n<p>Formulation: 0,08-0,06-0,05. Id\u00e9al pour les plates-bandes, les arbres et le potager.<\/p>\n<p>Enrichi de compost.<\/p>\n<p>3 en 1 (tourbe, compost, terre noire).<\/p>\n<p>Approuv\u00e9 pour la culture biologique.<\/p>\n<p>Pr\u00eat \u00e0 l&#8217;emploi<\/p>\n","protected":false},"excerpt":{"rendered":"<p>Voir disponibilit\u00e9 en magasin Formulation: 0,08-0,06-0,05. Id\u00e9al pour les plates-bandes, les arbres et le potager. Enrichi de compost. 3 en 1 (tourbe, compost, terre noire). Approuv\u00e9 pour la culture biologique. Pr\u00eat \u00e0 l&#8217;emploi<\/p>\n","protected":false},"featured_media":28028,"template":"","meta":[],"product_cat":[126],"product_tag":[],"acf":[],"_links":{"self":[{"href":"https:\/\/www.paysagesrossignol.com\/en\/wp-json\/wp\/v2\/product\/16081"}],"collection":[{"href":"https:\/\/www.paysagesrossignol.com\/en\/wp-json\/wp\/v2\/product"}],"about":[{"href":"https:\/\/www.paysagesrossignol.com\/en\/wp-json\/wp\/v2\/types\/product"}],"wp:featuredmedia":[{"embeddable":true,"href":"https:\/\/www.paysagesrossignol.com\/en\/wp-json\/wp\/v2\/media\/28028"}],"wp:attachment":[{"href":"https:\/\/www.paysagesrossignol.com\/en\/wp-json\/wp\/v2\/media?parent=16081"}],"wp:term":[{"taxonomy":"product_cat","embeddable":true,"href":"https:\/\/www.paysagesrossignol.com\/en\/wp-json\/wp\/v2\/product_cat?post=16081"},{"taxonomy":"product_tag","embeddable":true,"href":"https:\/\/www.paysagesrossignol.com\/en\/wp-json\/wp\/v2\/product_tag?post=16081"}],"curies":[{"name":"wp","href":"https:\/\/api.w.org\/{rel}","templated":true}]}}