{"id":16082,"date":"2026-03-30T00:00:28","date_gmt":"2026-03-30T04:00:28","guid":{"rendered":"https:\/\/www.paysagesrossignol.com\/produit\/compost-marin\/"},"modified":"2026-03-30T15:15:57","modified_gmt":"2026-03-30T19:15:57","slug":"compost-marin","status":"publish","type":"product","link":"https:\/\/www.paysagesrossignol.com\/en\/produit\/compost-marin\/","title":{"rendered":"Compost Marin 25L"},"content":{"rendered":"<h1>Voir disponibilit\u00e9 en magasin<\/h1>\n<p>Id\u00e9al pour enrichir le sol de vos plates-bandes, votre potager et le terreautage de votre pelouse.<\/p>\n<p>Fumier compost\u00e9 avec tourbe, algues et crustac\u00e9s. Stimule la croissance. Augmente la r\u00e9tention d&#8217;eau d&#8217;un sol sablonneux. Approuv\u00e9 pour la culture biologique.<\/p>\n","protected":false},"excerpt":{"rendered":"<p>Voir disponibilit\u00e9 en magasin Id\u00e9al pour enrichir le sol de vos plates-bandes, votre potager et le terreautage de votre pelouse. Fumier compost\u00e9 avec tourbe, algues et crustac\u00e9s. Stimule la croissance. Augmente la r\u00e9tention d&#8217;eau d&#8217;un sol sablonneux. Approuv\u00e9 pour la culture biologique.<\/p>\n","protected":false},"featured_media":28483,"template":"","meta":[],"product_cat":[163],"product_tag":[],"acf":[],"_links":{"self":[{"href":"https:\/\/www.paysagesrossignol.com\/en\/wp-json\/wp\/v2\/product\/16082"}],"collection":[{"href":"https:\/\/www.paysagesrossignol.com\/en\/wp-json\/wp\/v2\/product"}],"about":[{"href":"https:\/\/www.paysagesrossignol.com\/en\/wp-json\/wp\/v2\/types\/product"}],"wp:featuredmedia":[{"embeddable":true,"href":"https:\/\/www.paysagesrossignol.com\/en\/wp-json\/wp\/v2\/media\/28483"}],"wp:attachment":[{"href":"https:\/\/www.paysagesrossignol.com\/en\/wp-json\/wp\/v2\/media?parent=16082"}],"wp:term":[{"taxonomy":"product_cat","embeddable":true,"href":"https:\/\/www.paysagesrossignol.com\/en\/wp-json\/wp\/v2\/product_cat?post=16082"},{"taxonomy":"product_tag","embeddable":true,"href":"https:\/\/www.paysagesrossignol.com\/en\/wp-json\/wp\/v2\/product_tag?post=16082"}],"curies":[{"name":"wp","href":"https:\/\/api.w.org\/{rel}","templated":true}]}}