{"id":22963,"date":"2026-03-10T00:00:24","date_gmt":"2026-03-10T04:00:24","guid":{"rendered":"https:\/\/www.paysagesrossignol.com\/?post_type=product&#038;p=22963"},"modified":"2026-03-20T08:29:45","modified_gmt":"2026-03-20T12:29:45","slug":"pois-mange-tout-cascadia-bio","status":"publish","type":"product","link":"https:\/\/www.paysagesrossignol.com\/en\/produit\/pois-mange-tout-cascadia-bio\/","title":{"rendered":"Pois Mange-Tout Cascadia &#8211; Bio"},"content":{"rendered":"<h1>Voir disponibilit\u00e9 en magasin<\/h1>\n<p>Gousses comestibles et sucr\u00e9es renfermant des pois sucr\u00e9s. Plants de petite taille n\u00e9cessitant un tuteur.<\/p>\n<p>40 semences<\/p>\n<p>Tournesol<\/p>\n","protected":false},"excerpt":{"rendered":"<p>Voir disponibilit\u00e9 en magasin Gousses comestibles et sucr\u00e9es renfermant des pois sucr\u00e9s. Plants de petite taille n\u00e9cessitant un tuteur. 40 semences Tournesol<\/p>\n","protected":false},"featured_media":22964,"template":"","meta":[],"product_cat":[123],"product_tag":[],"acf":[],"_links":{"self":[{"href":"https:\/\/www.paysagesrossignol.com\/en\/wp-json\/wp\/v2\/product\/22963"}],"collection":[{"href":"https:\/\/www.paysagesrossignol.com\/en\/wp-json\/wp\/v2\/product"}],"about":[{"href":"https:\/\/www.paysagesrossignol.com\/en\/wp-json\/wp\/v2\/types\/product"}],"wp:featuredmedia":[{"embeddable":true,"href":"https:\/\/www.paysagesrossignol.com\/en\/wp-json\/wp\/v2\/media\/22964"}],"wp:attachment":[{"href":"https:\/\/www.paysagesrossignol.com\/en\/wp-json\/wp\/v2\/media?parent=22963"}],"wp:term":[{"taxonomy":"product_cat","embeddable":true,"href":"https:\/\/www.paysagesrossignol.com\/en\/wp-json\/wp\/v2\/product_cat?post=22963"},{"taxonomy":"product_tag","embeddable":true,"href":"https:\/\/www.paysagesrossignol.com\/en\/wp-json\/wp\/v2\/product_tag?post=22963"}],"curies":[{"name":"wp","href":"https:\/\/api.w.org\/{rel}","templated":true}]}}