{"id":23195,"date":"2026-03-10T00:00:15","date_gmt":"2026-03-10T04:00:15","guid":{"rendered":"https:\/\/www.paysagesrossignol.com\/?post_type=product&#038;p=23195"},"modified":"2026-03-12T13:13:11","modified_gmt":"2026-03-12T17:13:11","slug":"poivron-red-bell","status":"publish","type":"product","link":"https:\/\/www.paysagesrossignol.com\/en\/produit\/poivron-red-bell\/","title":{"rendered":"Poivron Red Bell"},"content":{"rendered":"<h1>Voir disponibilit\u00e9 en magasin<\/h1>\n<p>Beau fruit en forme cubique qui passe de vert \u00e0 rouge \u00e9clatant en m\u00fbrissant. Produit des fruits de 8 x 10 cm (3&#8243; x 4&#8243;). Un ajout color\u00e9 pour les salades, les mets cuits au wok et les casseroles. Tr\u00e8s joli sur un plateau de crudit\u00e9s. *apr\u00e8s la transplantation au jardin<\/p>\n<p>*95-110 jours \u00e0 la r\u00e9colte<\/p>\n<p>McKenzie<\/p>\n","protected":false},"excerpt":{"rendered":"<p>Voir disponibilit\u00e9 en magasin Beau fruit en forme cubique qui passe de vert \u00e0 rouge \u00e9clatant en m\u00fbrissant. Produit des fruits de 8 x 10 cm (3&#8243; x 4&#8243;). Un ajout color\u00e9 pour les salades, les mets cuits au wok et les casseroles. Tr\u00e8s joli sur un plateau de crudit\u00e9s. *apr\u00e8s la transplantation au jardin [&hellip;]<\/p>\n","protected":false},"featured_media":23196,"template":"","meta":[],"product_cat":[125],"product_tag":[],"acf":[],"_links":{"self":[{"href":"https:\/\/www.paysagesrossignol.com\/en\/wp-json\/wp\/v2\/product\/23195"}],"collection":[{"href":"https:\/\/www.paysagesrossignol.com\/en\/wp-json\/wp\/v2\/product"}],"about":[{"href":"https:\/\/www.paysagesrossignol.com\/en\/wp-json\/wp\/v2\/types\/product"}],"wp:featuredmedia":[{"embeddable":true,"href":"https:\/\/www.paysagesrossignol.com\/en\/wp-json\/wp\/v2\/media\/23196"}],"wp:attachment":[{"href":"https:\/\/www.paysagesrossignol.com\/en\/wp-json\/wp\/v2\/media?parent=23195"}],"wp:term":[{"taxonomy":"product_cat","embeddable":true,"href":"https:\/\/www.paysagesrossignol.com\/en\/wp-json\/wp\/v2\/product_cat?post=23195"},{"taxonomy":"product_tag","embeddable":true,"href":"https:\/\/www.paysagesrossignol.com\/en\/wp-json\/wp\/v2\/product_tag?post=23195"}],"curies":[{"name":"wp","href":"https:\/\/api.w.org\/{rel}","templated":true}]}}