{"id":23203,"date":"2026-03-10T00:00:44","date_gmt":"2026-03-10T04:00:44","guid":{"rendered":"https:\/\/www.paysagesrossignol.com\/?post_type=product&#038;p=23203"},"modified":"2026-03-10T14:50:15","modified_gmt":"2026-03-10T18:50:15","slug":"piment-super-chili-hybride","status":"publish","type":"product","link":"https:\/\/www.paysagesrossignol.com\/en\/produit\/piment-super-chili-hybride\/","title":{"rendered":"Piment Super Chili hybride"},"content":{"rendered":"<h1>Voir disponibilit\u00e9 en magasin<\/h1>\n<p>De plus, &#8220;Super Chili&#8221; produisant jusqu&#8217;\u00e0 200 piments par plant! On peut l&#8217;utiliser frais pour ajouter du piquant aux soupes, salades, sauces ou trempettes ou encore s\u00e9ch\u00e9, comme assaisonnement. L&#8217;utilise vert, mais pour un go\u00fbt encore plus fort, r\u00e9coltez les piments quand ils sont rouges. * apr\u00e8s la transplantation au jardin<\/p>\n<p>*75-85 jours \u00e0 la r\u00e9colte<\/p>\n<p>McKenzie<\/p>\n","protected":false},"excerpt":{"rendered":"<p>Voir disponibilit\u00e9 en magasin De plus, &#8220;Super Chili&#8221; produisant jusqu&#8217;\u00e0 200 piments par plant! On peut l&#8217;utiliser frais pour ajouter du piquant aux soupes, salades, sauces ou trempettes ou encore s\u00e9ch\u00e9, comme assaisonnement. L&#8217;utilise vert, mais pour un go\u00fbt encore plus fort, r\u00e9coltez les piments quand ils sont rouges. * apr\u00e8s la transplantation au jardin [&hellip;]<\/p>\n","protected":false},"featured_media":23204,"template":"","meta":[],"product_cat":[125],"product_tag":[],"acf":[],"_links":{"self":[{"href":"https:\/\/www.paysagesrossignol.com\/en\/wp-json\/wp\/v2\/product\/23203"}],"collection":[{"href":"https:\/\/www.paysagesrossignol.com\/en\/wp-json\/wp\/v2\/product"}],"about":[{"href":"https:\/\/www.paysagesrossignol.com\/en\/wp-json\/wp\/v2\/types\/product"}],"wp:featuredmedia":[{"embeddable":true,"href":"https:\/\/www.paysagesrossignol.com\/en\/wp-json\/wp\/v2\/media\/23204"}],"wp:attachment":[{"href":"https:\/\/www.paysagesrossignol.com\/en\/wp-json\/wp\/v2\/media?parent=23203"}],"wp:term":[{"taxonomy":"product_cat","embeddable":true,"href":"https:\/\/www.paysagesrossignol.com\/en\/wp-json\/wp\/v2\/product_cat?post=23203"},{"taxonomy":"product_tag","embeddable":true,"href":"https:\/\/www.paysagesrossignol.com\/en\/wp-json\/wp\/v2\/product_tag?post=23203"}],"curies":[{"name":"wp","href":"https:\/\/api.w.org\/{rel}","templated":true}]}}