{"id":23501,"date":"2026-03-10T00:00:50","date_gmt":"2026-03-10T04:00:50","guid":{"rendered":"https:\/\/www.paysagesrossignol.com\/?post_type=product&#038;p=23501"},"modified":"2026-03-10T15:14:57","modified_gmt":"2026-03-10T19:14:57","slug":"melon-deau-garden-leader-monster-geant","status":"publish","type":"product","link":"https:\/\/www.paysagesrossignol.com\/en\/produit\/melon-deau-garden-leader-monster-geant\/","title":{"rendered":"Melon d&#8217;eau Garden Leader Monster"},"content":{"rendered":"<h1>Voir disponibilit\u00e9 en magasin<\/h1>\n<p>Des melons d&#8217;eau au go\u00fbt fantastique et \u00e0 la chair rouge et sucr\u00e9e sont produits sur des tiges rampantes longues et vigoureuses. Avec une moyenne de 2 fruits par plant, pesant 10-14 kg (20-30 lbs) chacun, ces melons d&#8217;eau de forme oblongue traditionnelle sont de v\u00e9ritables dynamos.<\/p>\n<p>85 jours \u00e0 la r\u00e9colte<\/p>\n<p>McKenzie<\/p>\n","protected":false},"excerpt":{"rendered":"<p>Voir disponibilit\u00e9 en magasin Des melons d&#8217;eau au go\u00fbt fantastique et \u00e0 la chair rouge et sucr\u00e9e sont produits sur des tiges rampantes longues et vigoureuses. Avec une moyenne de 2 fruits par plant, pesant 10-14 kg (20-30 lbs) chacun, ces melons d&#8217;eau de forme oblongue traditionnelle sont de v\u00e9ritables dynamos. 85 jours \u00e0 la [&hellip;]<\/p>\n","protected":false},"featured_media":28113,"template":"","meta":[],"product_cat":[125],"product_tag":[],"acf":[],"_links":{"self":[{"href":"https:\/\/www.paysagesrossignol.com\/en\/wp-json\/wp\/v2\/product\/23501"}],"collection":[{"href":"https:\/\/www.paysagesrossignol.com\/en\/wp-json\/wp\/v2\/product"}],"about":[{"href":"https:\/\/www.paysagesrossignol.com\/en\/wp-json\/wp\/v2\/types\/product"}],"wp:featuredmedia":[{"embeddable":true,"href":"https:\/\/www.paysagesrossignol.com\/en\/wp-json\/wp\/v2\/media\/28113"}],"wp:attachment":[{"href":"https:\/\/www.paysagesrossignol.com\/en\/wp-json\/wp\/v2\/media?parent=23501"}],"wp:term":[{"taxonomy":"product_cat","embeddable":true,"href":"https:\/\/www.paysagesrossignol.com\/en\/wp-json\/wp\/v2\/product_cat?post=23501"},{"taxonomy":"product_tag","embeddable":true,"href":"https:\/\/www.paysagesrossignol.com\/en\/wp-json\/wp\/v2\/product_tag?post=23501"}],"curies":[{"name":"wp","href":"https:\/\/api.w.org\/{rel}","templated":true}]}}