{"id":23506,"date":"2026-03-10T00:00:03","date_gmt":"2026-03-10T04:00:03","guid":{"rendered":"https:\/\/www.paysagesrossignol.com\/?post_type=product&#038;p=23506"},"modified":"2026-03-12T10:57:01","modified_gmt":"2026-03-12T14:57:01","slug":"melon-deau-petite-yellow","status":"publish","type":"product","link":"https:\/\/www.paysagesrossignol.com\/en\/produit\/melon-deau-petite-yellow\/","title":{"rendered":"Melon d&#8217;eau Petite Yellow"},"content":{"rendered":"<h1>Voir disponibilit\u00e9 en magasin<\/h1>\n<p>Fruit rond \u00e0 ovale \u00e0 chair sucr\u00e9e jaune vif. Un fruit moyen p\u00e8se 2-3 kg (5-7 lbs). Taille parfaite pour les petits jardins. Les tiges rampantes couvrent bien les melons et les prot\u00e8gent des coups de soleil.<\/p>\n<p>70-90 jours \u00e0 la r\u00e9colte<\/p>\n<p>McKenzie<\/p>\n","protected":false},"excerpt":{"rendered":"<p>Voir disponibilit\u00e9 en magasin Fruit rond \u00e0 ovale \u00e0 chair sucr\u00e9e jaune vif. Un fruit moyen p\u00e8se 2-3 kg (5-7 lbs). Taille parfaite pour les petits jardins. Les tiges rampantes couvrent bien les melons et les prot\u00e8gent des coups de soleil. 70-90 jours \u00e0 la r\u00e9colte McKenzie<\/p>\n","protected":false},"featured_media":23507,"template":"","meta":[],"product_cat":[125],"product_tag":[],"acf":[],"_links":{"self":[{"href":"https:\/\/www.paysagesrossignol.com\/en\/wp-json\/wp\/v2\/product\/23506"}],"collection":[{"href":"https:\/\/www.paysagesrossignol.com\/en\/wp-json\/wp\/v2\/product"}],"about":[{"href":"https:\/\/www.paysagesrossignol.com\/en\/wp-json\/wp\/v2\/types\/product"}],"wp:featuredmedia":[{"embeddable":true,"href":"https:\/\/www.paysagesrossignol.com\/en\/wp-json\/wp\/v2\/media\/23507"}],"wp:attachment":[{"href":"https:\/\/www.paysagesrossignol.com\/en\/wp-json\/wp\/v2\/media?parent=23506"}],"wp:term":[{"taxonomy":"product_cat","embeddable":true,"href":"https:\/\/www.paysagesrossignol.com\/en\/wp-json\/wp\/v2\/product_cat?post=23506"},{"taxonomy":"product_tag","embeddable":true,"href":"https:\/\/www.paysagesrossignol.com\/en\/wp-json\/wp\/v2\/product_tag?post=23506"}],"curies":[{"name":"wp","href":"https:\/\/api.w.org\/{rel}","templated":true}]}}