{"id":23593,"date":"2026-03-10T00:00:52","date_gmt":"2026-03-10T04:00:52","guid":{"rendered":"https:\/\/www.paysagesrossignol.com\/?post_type=product&#038;p=23593"},"modified":"2026-03-10T15:55:01","modified_gmt":"2026-03-10T19:55:01","slug":"epinard-new-zealand","status":"publish","type":"product","link":"https:\/\/www.paysagesrossignol.com\/en\/produit\/epinard-new-zealand\/","title":{"rendered":"\u00c9pinard New Zealand"},"content":{"rendered":"<h1>Voir disponibilit\u00e9 en magasin<\/h1>\n<p>M\u00eame s&#8217;il n&#8217;est pas reli\u00e9 au vrai \u00e9pinard, ses feuilles ont un go\u00fbt similaire et certains gens croient qu&#8217;il est meilleur que l&#8217;\u00e9pinard. Il tol\u00e8re la chaleur et r\u00e9siste \u00e0 monter en graines. Typiquement, son go\u00fbt ne devient pas amer dans les temp\u00e9ratures chaudes et est meilleur si les plants ont un peu d&#8217;ombre pour les prot\u00e9ger du soleil. On peut aider \u00e0 la germination en trempant les semences la nuit avant de semer. Tetragonia Tetragonoides<\/p>\n<p>40-70 jours \u00e0 la r\u00e9colte<\/p>\n<p>McKenzie<\/p>\n","protected":false},"excerpt":{"rendered":"<p>Voir disponibilit\u00e9 en magasin M\u00eame s&#8217;il n&#8217;est pas reli\u00e9 au vrai \u00e9pinard, ses feuilles ont un go\u00fbt similaire et certains gens croient qu&#8217;il est meilleur que l&#8217;\u00e9pinard. Il tol\u00e8re la chaleur et r\u00e9siste \u00e0 monter en graines. Typiquement, son go\u00fbt ne devient pas amer dans les temp\u00e9ratures chaudes et est meilleur si les plants ont [&hellip;]<\/p>\n","protected":false},"featured_media":29319,"template":"","meta":[],"product_cat":[125],"product_tag":[],"acf":[],"_links":{"self":[{"href":"https:\/\/www.paysagesrossignol.com\/en\/wp-json\/wp\/v2\/product\/23593"}],"collection":[{"href":"https:\/\/www.paysagesrossignol.com\/en\/wp-json\/wp\/v2\/product"}],"about":[{"href":"https:\/\/www.paysagesrossignol.com\/en\/wp-json\/wp\/v2\/types\/product"}],"wp:featuredmedia":[{"embeddable":true,"href":"https:\/\/www.paysagesrossignol.com\/en\/wp-json\/wp\/v2\/media\/29319"}],"wp:attachment":[{"href":"https:\/\/www.paysagesrossignol.com\/en\/wp-json\/wp\/v2\/media?parent=23593"}],"wp:term":[{"taxonomy":"product_cat","embeddable":true,"href":"https:\/\/www.paysagesrossignol.com\/en\/wp-json\/wp\/v2\/product_cat?post=23593"},{"taxonomy":"product_tag","embeddable":true,"href":"https:\/\/www.paysagesrossignol.com\/en\/wp-json\/wp\/v2\/product_tag?post=23593"}],"curies":[{"name":"wp","href":"https:\/\/api.w.org\/{rel}","templated":true}]}}