{"id":23609,"date":"2026-03-10T00:00:42","date_gmt":"2026-03-10T04:00:42","guid":{"rendered":"https:\/\/www.paysagesrossignol.com\/?post_type=product&#038;p=23609"},"modified":"2026-03-10T17:27:43","modified_gmt":"2026-03-10T21:27:43","slug":"concombre-early-russian","status":"publish","type":"product","link":"https:\/\/www.paysagesrossignol.com\/en\/produit\/concombre-early-russian\/","title":{"rendered":"Concombre Early Russian"},"content":{"rendered":"<h1>Voir disponibilit\u00e9 en magasin<\/h1>\n<p>D\u00e9velopp\u00e9e sp\u00e9cialement pour les conditions croissantes des prairies. Superbe pour toutes sortes de cornichons et relishes. Concombre courts et vert p\u00e2les aux \u00e9pines noires. Tr\u00e8s prolifique. Pour faciliter la cueillette, cultivez sur un treillis. Exige un sol fertile et riche en compost.<\/p>\n<p>50-70 jours \u00e0 la r\u00e9colte<\/p>\n<p>McKenzie<\/p>\n","protected":false},"excerpt":{"rendered":"<p>Voir disponibilit\u00e9 en magasin D\u00e9velopp\u00e9e sp\u00e9cialement pour les conditions croissantes des prairies. Superbe pour toutes sortes de cornichons et relishes. Concombre courts et vert p\u00e2les aux \u00e9pines noires. Tr\u00e8s prolifique. Pour faciliter la cueillette, cultivez sur un treillis. Exige un sol fertile et riche en compost. 50-70 jours \u00e0 la r\u00e9colte McKenzie<\/p>\n","protected":false},"featured_media":23610,"template":"","meta":[],"product_cat":[125],"product_tag":[],"acf":[],"_links":{"self":[{"href":"https:\/\/www.paysagesrossignol.com\/en\/wp-json\/wp\/v2\/product\/23609"}],"collection":[{"href":"https:\/\/www.paysagesrossignol.com\/en\/wp-json\/wp\/v2\/product"}],"about":[{"href":"https:\/\/www.paysagesrossignol.com\/en\/wp-json\/wp\/v2\/types\/product"}],"wp:featuredmedia":[{"embeddable":true,"href":"https:\/\/www.paysagesrossignol.com\/en\/wp-json\/wp\/v2\/media\/23610"}],"wp:attachment":[{"href":"https:\/\/www.paysagesrossignol.com\/en\/wp-json\/wp\/v2\/media?parent=23609"}],"wp:term":[{"taxonomy":"product_cat","embeddable":true,"href":"https:\/\/www.paysagesrossignol.com\/en\/wp-json\/wp\/v2\/product_cat?post=23609"},{"taxonomy":"product_tag","embeddable":true,"href":"https:\/\/www.paysagesrossignol.com\/en\/wp-json\/wp\/v2\/product_tag?post=23609"}],"curies":[{"name":"wp","href":"https:\/\/api.w.org\/{rel}","templated":true}]}}