{"id":24514,"date":"2026-03-11T00:00:29","date_gmt":"2026-03-11T04:00:29","guid":{"rendered":"https:\/\/www.paysagesrossignol.com\/?post_type=product&#038;p=24514"},"modified":"2026-04-17T15:05:05","modified_gmt":"2026-04-17T19:05:05","slug":"erable-a-sucre-2","status":"publish","type":"product","link":"https:\/\/www.paysagesrossignol.com\/en\/produit\/erable-a-sucre-2\/","title":{"rendered":"\u00c9rable \u00e0 sucre"},"content":{"rendered":"<h1>Voir disponibilit\u00e9 en magasin<\/h1>\n<h3>Nom latin: Acer Saccharum<\/h3>\n<p>&nbsp;<\/p>\n<p>Arbre embl\u00e9matique des for\u00eats nord-am\u00e9ricaines, l\u2019\u00e9rable \u00e0 sucre est appr\u00e9ci\u00e9 pour sa <strong data-start=\"211\" data-end=\"235\">croissance r\u00e9guli\u00e8re<\/strong>, sa <strong data-start=\"240\" data-end=\"253\">long\u00e9vit\u00e9<\/strong>, et surtout sa <strong data-start=\"269\" data-end=\"307\">spectaculaire coloration automnale<\/strong> allant du jaune \u00e0 l\u2019orange et au rouge. Tr\u00e8s rustique, il est id\u00e9al comme <strong data-start=\"382\" data-end=\"464\">arbre d\u2019ombrage, sp\u00e9cimen paysager ou dans les plantations urbaines spacieuces<\/strong>.<\/p>\n<h3 data-section-id=\"fo4qqk\" data-start=\"472\" data-end=\"495\">Caract\u00e9ristiques<\/h3>\n<ul data-start=\"497\" data-end=\"789\">\n<li data-section-id=\"11ohnpy\" data-start=\"497\" data-end=\"524\"><strong data-start=\"499\" data-end=\"512\">Hauteur :<\/strong> 15 \u00e0 25 m<\/li>\n<li data-section-id=\"1ufp7mo\" data-start=\"525\" data-end=\"552\"><strong data-start=\"527\" data-end=\"540\">Largeur :<\/strong> 10 \u00e0 15 m<\/li>\n<li data-section-id=\"1fqa3rr\" data-start=\"553\" data-end=\"581\"><strong data-start=\"555\" data-end=\"571\">Croissance :<\/strong> Moyenne<\/li>\n<li data-section-id=\"1tj9pl0\" data-start=\"583\" data-end=\"621\"><strong data-start=\"585\" data-end=\"601\">Exposition :<\/strong> Soleil \u00e0 mi\u2011ombre<\/li>\n<li data-section-id=\"7y57p5\" data-start=\"622\" data-end=\"680\"><strong data-start=\"624\" data-end=\"633\">Sol :<\/strong> Pr\u00e9f\u00e8re riche, bien drain\u00e9, l\u00e9g\u00e8rement acide<\/li>\n<li data-section-id=\"13nbumx\" data-start=\"681\" data-end=\"699\"><strong data-start=\"683\" data-end=\"693\">Zone :<\/strong> 3\u20135<\/li>\n<li data-section-id=\"18nxvoe\" data-start=\"701\" data-end=\"740\"><strong data-start=\"703\" data-end=\"718\">Feuillage :<\/strong> Vert fonc\u00e9 et dense<\/li>\n<li data-section-id=\"1qw4x9q\" data-start=\"741\" data-end=\"789\"><strong data-start=\"743\" data-end=\"766\">Couleur automnale :<\/strong> Jaune, orange, rouge<\/li>\n<\/ul>\n<p>&nbsp;<\/p>\n<h1><\/h1>\n","protected":false},"excerpt":{"rendered":"<p>Voir disponibilit\u00e9 en magasin Nom latin: Acer Saccharum &nbsp; Arbre embl\u00e9matique des for\u00eats nord-am\u00e9ricaines, l\u2019\u00e9rable \u00e0 sucre est appr\u00e9ci\u00e9 pour sa croissance r\u00e9guli\u00e8re, sa long\u00e9vit\u00e9, et surtout sa spectaculaire coloration automnale allant du jaune \u00e0 l\u2019orange et au rouge. Tr\u00e8s rustique, il est id\u00e9al comme arbre d\u2019ombrage, sp\u00e9cimen paysager ou dans les plantations urbaines spacieuces. [&hellip;]<\/p>\n","protected":false},"featured_media":29632,"template":"","meta":[],"product_cat":[86],"product_tag":[],"acf":[],"_links":{"self":[{"href":"https:\/\/www.paysagesrossignol.com\/en\/wp-json\/wp\/v2\/product\/24514"}],"collection":[{"href":"https:\/\/www.paysagesrossignol.com\/en\/wp-json\/wp\/v2\/product"}],"about":[{"href":"https:\/\/www.paysagesrossignol.com\/en\/wp-json\/wp\/v2\/types\/product"}],"wp:featuredmedia":[{"embeddable":true,"href":"https:\/\/www.paysagesrossignol.com\/en\/wp-json\/wp\/v2\/media\/29632"}],"wp:attachment":[{"href":"https:\/\/www.paysagesrossignol.com\/en\/wp-json\/wp\/v2\/media?parent=24514"}],"wp:term":[{"taxonomy":"product_cat","embeddable":true,"href":"https:\/\/www.paysagesrossignol.com\/en\/wp-json\/wp\/v2\/product_cat?post=24514"},{"taxonomy":"product_tag","embeddable":true,"href":"https:\/\/www.paysagesrossignol.com\/en\/wp-json\/wp\/v2\/product_tag?post=24514"}],"curies":[{"name":"wp","href":"https:\/\/api.w.org\/{rel}","templated":true}]}}