{"id":24534,"date":"2026-03-11T00:00:22","date_gmt":"2026-03-11T04:00:22","guid":{"rendered":"https:\/\/www.paysagesrossignol.com\/?post_type=product&#038;p=24534"},"modified":"2026-03-26T14:46:00","modified_gmt":"2026-03-26T18:46:00","slug":"marronnier-de-lohio","status":"publish","type":"product","link":"https:\/\/www.paysagesrossignol.com\/en\/produit\/marronnier-de-lohio\/","title":{"rendered":"Marronnier glabre"},"content":{"rendered":"<h1>Voir disponibilit\u00e9 en magasin<\/h1>\n<h3>Nom latin : Aesculus Glabra<\/h3>\n<p>Arbre nord-am\u00e9ricain de taille moyenne, le marronnier glabre est reconnu pour son <strong data-start=\"223\" data-end=\"255\">feuillage ample et d\u00e9coratif<\/strong> ainsi que sa <strong data-start=\"269\" data-end=\"309\">floraison printani\u00e8re jaune verd\u00e2tre<\/strong>. Il est bien adapt\u00e9 aux <strong data-start=\"334\" data-end=\"376\">milieux naturels et aux grands espaces<\/strong>, avec une bonne tol\u00e9rance aux conditions vari\u00e9es, mais il est moins utilis\u00e9 en milieu urbain en raison de son odeur et de ses fruits.<\/p>\n<h3 data-section-id=\"fo4qqk\" data-start=\"517\" data-end=\"540\">Caract\u00e9ristiques<\/h3>\n<ul data-start=\"542\" data-end=\"845\">\n<li data-section-id=\"5r5dsg\" data-start=\"542\" data-end=\"569\"><strong data-start=\"544\" data-end=\"557\">Hauteur :<\/strong> 10 \u00e0 15 m<\/li>\n<li data-section-id=\"w2xpb2\" data-start=\"570\" data-end=\"596\"><strong data-start=\"572\" data-end=\"585\">Largeur :<\/strong> 8 \u00e0 12 m<\/li>\n<li data-section-id=\"1fqa3rr\" data-start=\"597\" data-end=\"625\"><strong data-start=\"599\" data-end=\"615\">Croissance :<\/strong> Moyenne<\/li>\n<li data-section-id=\"17dp8qg\" data-start=\"627\" data-end=\"665\"><strong data-start=\"629\" data-end=\"645\">Exposition :<\/strong> Soleil \u00e0 mi-ombre<\/li>\n<li data-section-id=\"35a8xu\" data-start=\"666\" data-end=\"717\"><strong data-start=\"668\" data-end=\"677\">Sol :<\/strong> Adaptable, tol\u00e8re sols humides \u00e0 secs<\/li>\n<li data-section-id=\"13fqkk8\" data-start=\"718\" data-end=\"734\"><strong data-start=\"720\" data-end=\"730\">Zone :<\/strong> 4<\/li>\n<li data-section-id=\"158phzn\" data-start=\"736\" data-end=\"794\"><strong data-start=\"738\" data-end=\"753\">Feuillage :<\/strong> Vert moyen, feuilles compos\u00e9es palm\u00e9es<\/li>\n<li data-section-id=\"1du0cud\" data-start=\"795\" data-end=\"845\"><strong data-start=\"797\" data-end=\"820\">Couleur automnale :<\/strong> Jaune \u00e0 jaune verd\u00e2tre<\/li>\n<\/ul>\n","protected":false},"excerpt":{"rendered":"<p>Voir disponibilit\u00e9 en magasin Nom latin : Aesculus Glabra Arbre nord-am\u00e9ricain de taille moyenne, le marronnier glabre est reconnu pour son feuillage ample et d\u00e9coratif ainsi que sa floraison printani\u00e8re jaune verd\u00e2tre. Il est bien adapt\u00e9 aux milieux naturels et aux grands espaces, avec une bonne tol\u00e9rance aux conditions vari\u00e9es, mais il est moins utilis\u00e9 [&hellip;]<\/p>\n","protected":false},"featured_media":29539,"template":"","meta":[],"product_cat":[86],"product_tag":[],"acf":[],"_links":{"self":[{"href":"https:\/\/www.paysagesrossignol.com\/en\/wp-json\/wp\/v2\/product\/24534"}],"collection":[{"href":"https:\/\/www.paysagesrossignol.com\/en\/wp-json\/wp\/v2\/product"}],"about":[{"href":"https:\/\/www.paysagesrossignol.com\/en\/wp-json\/wp\/v2\/types\/product"}],"wp:featuredmedia":[{"embeddable":true,"href":"https:\/\/www.paysagesrossignol.com\/en\/wp-json\/wp\/v2\/media\/29539"}],"wp:attachment":[{"href":"https:\/\/www.paysagesrossignol.com\/en\/wp-json\/wp\/v2\/media?parent=24534"}],"wp:term":[{"taxonomy":"product_cat","embeddable":true,"href":"https:\/\/www.paysagesrossignol.com\/en\/wp-json\/wp\/v2\/product_cat?post=24534"},{"taxonomy":"product_tag","embeddable":true,"href":"https:\/\/www.paysagesrossignol.com\/en\/wp-json\/wp\/v2\/product_tag?post=24534"}],"curies":[{"name":"wp","href":"https:\/\/api.w.org\/{rel}","templated":true}]}}