{"id":24589,"date":"2026-03-11T00:00:02","date_gmt":"2026-03-11T04:00:02","guid":{"rendered":"https:\/\/www.paysagesrossignol.com\/?post_type=product&#038;p=24589"},"modified":"2026-03-27T08:06:57","modified_gmt":"2026-03-27T12:06:57","slug":"charme-pyramydal-fastigiata","status":"publish","type":"product","link":"https:\/\/www.paysagesrossignol.com\/en\/produit\/charme-pyramydal-fastigiata\/","title":{"rendered":"Charme commun Fastigiata"},"content":{"rendered":"<h1>Voir disponibilit\u00e9 en magasin<\/h1>\n<h3>Nom latin : Carpinus Betulus Fastigiata<\/h3>\n<p>Arbre \u00e0 <strong data-start=\"146\" data-end=\"174\">port \u00e9troit et pyramidal<\/strong>, devenant plus ovale avec l\u2019\u00e2ge, \u2018Fastigiata\u2019 est tr\u00e8s appr\u00e9ci\u00e9 pour sa <strong data-start=\"247\" data-end=\"279\">structure dense et r\u00e9guli\u00e8re<\/strong>. Il est id\u00e9al pour les <strong data-start=\"303\" data-end=\"358\">alignements, \u00e9crans visuels et am\u00e9nagements formels<\/strong>, tout en \u00e9tant <strong data-start=\"374\" data-end=\"410\">tol\u00e9rant aux conditions urbaines<\/strong> et facile d\u2019entretien.<\/p>\n<h3 data-section-id=\"fo4qqk\" data-start=\"440\" data-end=\"463\">Caract\u00e9ristiques<\/h3>\n<ul data-start=\"465\" data-end=\"747\">\n<li data-section-id=\"1ojpnfj\" data-start=\"465\" data-end=\"492\"><strong data-start=\"467\" data-end=\"480\">Hauteur :<\/strong> 12 \u00e0 18 m<\/li>\n<li data-section-id=\"1u050gi\" data-start=\"493\" data-end=\"519\"><strong data-start=\"495\" data-end=\"508\">Largeur :<\/strong> 6 \u00e0 10 m<\/li>\n<li data-section-id=\"1fqa3rr\" data-start=\"520\" data-end=\"548\"><strong data-start=\"522\" data-end=\"538\">Croissance :<\/strong> Moyenne<\/li>\n<li data-section-id=\"17dp8qg\" data-start=\"550\" data-end=\"588\"><strong data-start=\"552\" data-end=\"568\">Exposition :<\/strong> Soleil \u00e0 mi-ombre<\/li>\n<li data-section-id=\"1a467ul\" data-start=\"589\" data-end=\"646\"><strong data-start=\"591\" data-end=\"600\">Sol :<\/strong> Pr\u00e9f\u00e8re riche et bien drain\u00e9, tol\u00e8re argile<\/li>\n<li data-section-id=\"13iiq8u\" data-start=\"647\" data-end=\"665\"><strong data-start=\"649\" data-end=\"659\">Zone :<\/strong> 4\u20135<\/li>\n<li data-section-id=\"1dnvn2m\" data-start=\"667\" data-end=\"713\"><strong data-start=\"669\" data-end=\"684\">Feuillage :<\/strong> Vert fonc\u00e9, dense, nervur\u00e9<\/li>\n<li data-section-id=\"qhopv8\" data-start=\"714\" data-end=\"747\"><strong data-start=\"716\" data-end=\"739\">Couleur automnale :<\/strong> Jaune<\/li>\n<\/ul>\n<p>&nbsp;<\/p>\n<h1><\/h1>\n","protected":false},"excerpt":{"rendered":"<p>Voir disponibilit\u00e9 en magasin Nom latin : Carpinus Betulus Fastigiata Arbre \u00e0 port \u00e9troit et pyramidal, devenant plus ovale avec l\u2019\u00e2ge, \u2018Fastigiata\u2019 est tr\u00e8s appr\u00e9ci\u00e9 pour sa structure dense et r\u00e9guli\u00e8re. Il est id\u00e9al pour les alignements, \u00e9crans visuels et am\u00e9nagements formels, tout en \u00e9tant tol\u00e9rant aux conditions urbaines et facile d\u2019entretien. Caract\u00e9ristiques Hauteur : [&hellip;]<\/p>\n","protected":false},"featured_media":29675,"template":"","meta":[],"product_cat":[86],"product_tag":[],"acf":[],"_links":{"self":[{"href":"https:\/\/www.paysagesrossignol.com\/en\/wp-json\/wp\/v2\/product\/24589"}],"collection":[{"href":"https:\/\/www.paysagesrossignol.com\/en\/wp-json\/wp\/v2\/product"}],"about":[{"href":"https:\/\/www.paysagesrossignol.com\/en\/wp-json\/wp\/v2\/types\/product"}],"wp:featuredmedia":[{"embeddable":true,"href":"https:\/\/www.paysagesrossignol.com\/en\/wp-json\/wp\/v2\/media\/29675"}],"wp:attachment":[{"href":"https:\/\/www.paysagesrossignol.com\/en\/wp-json\/wp\/v2\/media?parent=24589"}],"wp:term":[{"taxonomy":"product_cat","embeddable":true,"href":"https:\/\/www.paysagesrossignol.com\/en\/wp-json\/wp\/v2\/product_cat?post=24589"},{"taxonomy":"product_tag","embeddable":true,"href":"https:\/\/www.paysagesrossignol.com\/en\/wp-json\/wp\/v2\/product_tag?post=24589"}],"curies":[{"name":"wp","href":"https:\/\/api.w.org\/{rel}","templated":true}]}}