{"id":24600,"date":"2026-03-11T00:00:10","date_gmt":"2026-03-11T04:00:10","guid":{"rendered":"https:\/\/www.paysagesrossignol.com\/?post_type=product&#038;p=24600"},"modified":"2026-03-27T08:11:36","modified_gmt":"2026-03-27T12:11:36","slug":"charme-de-caroline-uxbridge","status":"publish","type":"product","link":"https:\/\/www.paysagesrossignol.com\/en\/produit\/charme-de-caroline-uxbridge\/","title":{"rendered":"Charme Uxbridge"},"content":{"rendered":"<h1>Voir disponibilit\u00e9 en magasin<\/h1>\n<h3>Nom latin : Carpinus betulus Uxbridge<\/h3>\n<p data-start=\"142\" data-end=\"456\">S\u00e9lection de charme commun reconnue pour sa <strong data-start=\"186\" data-end=\"209\">meilleure rusticit\u00e9<\/strong> et son <strong data-start=\"217\" data-end=\"244\">port \u00e9troit et r\u00e9gulier<\/strong>, \u2018Uxbridge\u2019 est particuli\u00e8rement adapt\u00e9 aux <strong data-start=\"289\" data-end=\"313\">conditions du Qu\u00e9bec<\/strong>. Il est appr\u00e9ci\u00e9 pour sa <strong data-start=\"339\" data-end=\"363\">densit\u00e9 de feuillage<\/strong>, sa <strong data-start=\"368\" data-end=\"395\">bonne tol\u00e9rance urbaine<\/strong> et sa capacit\u00e9 \u00e0 former de <strong data-start=\"423\" data-end=\"455\">beaux alignements structur\u00e9s<\/strong>.<\/p>\n<h3 data-section-id=\"fo4qqk\" data-start=\"463\" data-end=\"486\">Caract\u00e9ristiques<\/h3>\n<ul data-start=\"488\" data-end=\"769\">\n<li data-section-id=\"5r5dsg\" data-start=\"488\" data-end=\"515\"><strong data-start=\"490\" data-end=\"503\">Hauteur :<\/strong> 10 \u00e0 15 m<\/li>\n<li data-section-id=\"upkx8n\" data-start=\"516\" data-end=\"541\"><strong data-start=\"518\" data-end=\"531\">Largeur :<\/strong> 5 \u00e0 7 m<\/li>\n<li data-section-id=\"1fqa3rr\" data-start=\"542\" data-end=\"570\"><strong data-start=\"544\" data-end=\"560\">Croissance :<\/strong> Moyenne<\/li>\n<li data-section-id=\"17dp8qg\" data-start=\"572\" data-end=\"610\"><strong data-start=\"574\" data-end=\"590\">Exposition :<\/strong> Soleil \u00e0 mi-ombre<\/li>\n<li data-section-id=\"y05vku\" data-start=\"611\" data-end=\"666\"><strong data-start=\"613\" data-end=\"622\">Sol :<\/strong> Adaptable, tol\u00e8re argile et sols compacts<\/li>\n<li data-section-id=\"13nbvfc\" data-start=\"667\" data-end=\"685\"><strong data-start=\"669\" data-end=\"679\">Zone :<\/strong> 3\u20134<\/li>\n<li data-section-id=\"puvcbl\" data-start=\"687\" data-end=\"735\"><strong data-start=\"689\" data-end=\"704\">Feuillage :<\/strong> Vert fonc\u00e9, dense et textur\u00e9<\/li>\n<li data-section-id=\"qhopv8\" data-start=\"736\" data-end=\"769\"><strong data-start=\"738\" data-end=\"761\">Couleur automnale :<\/strong> Jaune<\/li>\n<\/ul>\n<p>&nbsp;<\/p>\n<h1><\/h1>\n","protected":false},"excerpt":{"rendered":"<p>Voir disponibilit\u00e9 en magasin Nom latin : Carpinus betulus Uxbridge S\u00e9lection de charme commun reconnue pour sa meilleure rusticit\u00e9 et son port \u00e9troit et r\u00e9gulier, \u2018Uxbridge\u2019 est particuli\u00e8rement adapt\u00e9 aux conditions du Qu\u00e9bec. Il est appr\u00e9ci\u00e9 pour sa densit\u00e9 de feuillage, sa bonne tol\u00e9rance urbaine et sa capacit\u00e9 \u00e0 former de beaux alignements structur\u00e9s. Caract\u00e9ristiques [&hellip;]<\/p>\n","protected":false},"featured_media":29539,"template":"","meta":[],"product_cat":[86],"product_tag":[],"acf":[],"_links":{"self":[{"href":"https:\/\/www.paysagesrossignol.com\/en\/wp-json\/wp\/v2\/product\/24600"}],"collection":[{"href":"https:\/\/www.paysagesrossignol.com\/en\/wp-json\/wp\/v2\/product"}],"about":[{"href":"https:\/\/www.paysagesrossignol.com\/en\/wp-json\/wp\/v2\/types\/product"}],"wp:featuredmedia":[{"embeddable":true,"href":"https:\/\/www.paysagesrossignol.com\/en\/wp-json\/wp\/v2\/media\/29539"}],"wp:attachment":[{"href":"https:\/\/www.paysagesrossignol.com\/en\/wp-json\/wp\/v2\/media?parent=24600"}],"wp:term":[{"taxonomy":"product_cat","embeddable":true,"href":"https:\/\/www.paysagesrossignol.com\/en\/wp-json\/wp\/v2\/product_cat?post=24600"},{"taxonomy":"product_tag","embeddable":true,"href":"https:\/\/www.paysagesrossignol.com\/en\/wp-json\/wp\/v2\/product_tag?post=24600"}],"curies":[{"name":"wp","href":"https:\/\/api.w.org\/{rel}","templated":true}]}}