{"id":24655,"date":"2026-03-11T00:00:28","date_gmt":"2026-03-11T04:00:28","guid":{"rendered":"https:\/\/www.paysagesrossignol.com\/?post_type=product&#038;p=24655"},"modified":"2026-04-17T15:09:46","modified_gmt":"2026-04-17T19:09:46","slug":"erable-argente-blanc","status":"publish","type":"product","link":"https:\/\/www.paysagesrossignol.com\/en\/produit\/erable-argente-blanc\/","title":{"rendered":"\u00c9rable argent\u00e9"},"content":{"rendered":"<h1>Voir disponibilit\u00e9 en magasin<\/h1>\n<h3>Nom latin : Acer Saccharinum<\/h3>\n<p>Arbre nord-am\u00e9ricain \u00e0 <strong data-start=\"146\" data-end=\"167\">croissance rapide<\/strong>, l\u2019\u00e9rable argent\u00e9 est reconnu pour son <strong data-start=\"207\" data-end=\"230\">\u00e9corce gris argent\u00e9<\/strong>, ses <strong data-start=\"236\" data-end=\"282\">feuilles profond\u00e9ment lob\u00e9es et brillantes<\/strong> et sa <strong data-start=\"289\" data-end=\"329\">coloration automnale jaune \u00e9clatante<\/strong>. Tr\u00e8s tol\u00e9rant aux <strong data-start=\"349\" data-end=\"376\">sols humides et urbains<\/strong>, il est souvent utilis\u00e9 pour les plantations dans les <strong data-start=\"431\" data-end=\"472\">parcs, les rues et les grands jardins<\/strong>.<\/p>\n<h3 data-section-id=\"fo4qqk\" data-start=\"480\" data-end=\"503\">Caract\u00e9ristiques<\/h3>\n<ul data-start=\"505\" data-end=\"820\">\n<li data-section-id=\"11ohnpy\" data-start=\"505\" data-end=\"532\"><strong data-start=\"507\" data-end=\"520\">Hauteur :<\/strong> 15 \u00e0 25 m<\/li>\n<li data-section-id=\"1ufp7mo\" data-start=\"533\" data-end=\"560\"><strong data-start=\"535\" data-end=\"548\">Largeur :<\/strong> 10 \u00e0 15 m<\/li>\n<li data-section-id=\"11my5pj\" data-start=\"561\" data-end=\"588\"><strong data-start=\"563\" data-end=\"579\">Croissance :<\/strong> Rapide<\/li>\n<li data-section-id=\"1tj9pl0\" data-start=\"590\" data-end=\"628\"><strong data-start=\"592\" data-end=\"608\">Exposition :<\/strong> Soleil \u00e0 mi\u2011ombre<\/li>\n<li data-section-id=\"bzgor0\" data-start=\"629\" data-end=\"685\"><strong data-start=\"631\" data-end=\"640\">Sol :<\/strong> Adaptable, tol\u00e8re sols humides et argileux<\/li>\n<li data-section-id=\"13nbx3u\" data-start=\"686\" data-end=\"704\"><strong data-start=\"688\" data-end=\"698\">Zone :<\/strong> 3\u20136<\/li>\n<li data-section-id=\"5jpoyu\" data-start=\"706\" data-end=\"768\"><strong data-start=\"708\" data-end=\"723\">Feuillage :<\/strong> Vert clair, dessus lustr\u00e9, dessous argent\u00e9<\/li>\n<li data-section-id=\"13yhife\" data-start=\"769\" data-end=\"820\"><strong data-start=\"771\" data-end=\"794\">Couleur automnale :<\/strong> Jaune p\u00e2le \u00e0 jaune dor\u00e9<\/li>\n<\/ul>\n<h1><\/h1>\n","protected":false},"excerpt":{"rendered":"<p>Voir disponibilit\u00e9 en magasin Nom latin : Acer Saccharinum Arbre nord-am\u00e9ricain \u00e0 croissance rapide, l\u2019\u00e9rable argent\u00e9 est reconnu pour son \u00e9corce gris argent\u00e9, ses feuilles profond\u00e9ment lob\u00e9es et brillantes et sa coloration automnale jaune \u00e9clatante. Tr\u00e8s tol\u00e9rant aux sols humides et urbains, il est souvent utilis\u00e9 pour les plantations dans les parcs, les rues et [&hellip;]<\/p>\n","protected":false},"featured_media":29628,"template":"","meta":[],"product_cat":[86],"product_tag":[],"acf":[],"_links":{"self":[{"href":"https:\/\/www.paysagesrossignol.com\/en\/wp-json\/wp\/v2\/product\/24655"}],"collection":[{"href":"https:\/\/www.paysagesrossignol.com\/en\/wp-json\/wp\/v2\/product"}],"about":[{"href":"https:\/\/www.paysagesrossignol.com\/en\/wp-json\/wp\/v2\/types\/product"}],"wp:featuredmedia":[{"embeddable":true,"href":"https:\/\/www.paysagesrossignol.com\/en\/wp-json\/wp\/v2\/media\/29628"}],"wp:attachment":[{"href":"https:\/\/www.paysagesrossignol.com\/en\/wp-json\/wp\/v2\/media?parent=24655"}],"wp:term":[{"taxonomy":"product_cat","embeddable":true,"href":"https:\/\/www.paysagesrossignol.com\/en\/wp-json\/wp\/v2\/product_cat?post=24655"},{"taxonomy":"product_tag","embeddable":true,"href":"https:\/\/www.paysagesrossignol.com\/en\/wp-json\/wp\/v2\/product_tag?post=24655"}],"curies":[{"name":"wp","href":"https:\/\/api.w.org\/{rel}","templated":true}]}}