{"id":24681,"date":"2026-03-11T00:00:01","date_gmt":"2026-03-11T04:00:01","guid":{"rendered":"https:\/\/www.paysagesrossignol.com\/?post_type=product&#038;p=24681"},"modified":"2026-03-27T08:36:00","modified_gmt":"2026-03-27T12:36:00","slug":"micocoulier-de-virginie-prairie-sentinel","status":"publish","type":"product","link":"https:\/\/www.paysagesrossignol.com\/en\/produit\/micocoulier-de-virginie-prairie-sentinel\/","title":{"rendered":"Micocoulier Occidental Prairie Sentinel"},"content":{"rendered":"<h1>Voir disponibilit\u00e9 en magasin<\/h1>\n<h3>Nom latin : Celtis Occidentalis Prairie Sentinel<\/h3>\n<p>S\u00e9lection \u00e0 <strong data-start=\"195\" data-end=\"224\">port \u00e9troit et colonnaire<\/strong>, \u2018Prairie Sentinel\u2019 conserve la <strong data-start=\"257\" data-end=\"292\">grande tol\u00e9rance du micocoulier<\/strong> aux conditions difficiles (s\u00e9cheresse, vent, sols urbains), tout en occupant <strong data-start=\"370\" data-end=\"396\">moins d\u2019espace lat\u00e9ral<\/strong>. Id\u00e9al pour les <strong data-start=\"413\" data-end=\"481\">rues \u00e9troites, les alignements urbains et les espaces restreints<\/strong>.<\/p>\n<h3 data-section-id=\"fo4qqk\" data-start=\"489\" data-end=\"512\">Caract\u00e9ristiques<\/h3>\n<ul data-start=\"514\" data-end=\"794\">\n<li data-section-id=\"1ori8cy\" data-start=\"514\" data-end=\"541\"><strong data-start=\"516\" data-end=\"529\">Hauteur :<\/strong> 12 \u00e0 15 m<\/li>\n<li data-section-id=\"18ecguf\" data-start=\"542\" data-end=\"567\"><strong data-start=\"544\" data-end=\"557\">Largeur :<\/strong> 4 \u00e0 6 m<\/li>\n<li data-section-id=\"11qi670\" data-start=\"568\" data-end=\"605\"><strong data-start=\"570\" data-end=\"586\">Croissance :<\/strong> Moyenne \u00e0 rapide<\/li>\n<li data-section-id=\"1rtnc6\" data-start=\"607\" data-end=\"634\"><strong data-start=\"609\" data-end=\"625\">Exposition :<\/strong> Soleil<\/li>\n<li data-section-id=\"gev12l\" data-start=\"635\" data-end=\"702\"><strong data-start=\"637\" data-end=\"646\">Sol :<\/strong> Tr\u00e8s adaptable, tol\u00e8re sols secs, compacts et urbains<\/li>\n<li data-section-id=\"13nbumx\" data-start=\"703\" data-end=\"721\"><strong data-start=\"705\" data-end=\"715\">Zone :<\/strong> 3\u20135<\/li>\n<li data-section-id=\"ec9gri\" data-start=\"723\" data-end=\"760\"><strong data-start=\"725\" data-end=\"740\">Feuillage :<\/strong> Vert moyen, dense<\/li>\n<li data-section-id=\"qhopv8\" data-start=\"761\" data-end=\"794\"><strong data-start=\"763\" data-end=\"786\">Couleur automnale :<\/strong> Jaune<\/li>\n<\/ul>\n<p>&nbsp;<\/p>\n<h1><\/h1>\n","protected":false},"excerpt":{"rendered":"<p>Voir disponibilit\u00e9 en magasin Nom latin : Celtis Occidentalis Prairie Sentinel S\u00e9lection \u00e0 port \u00e9troit et colonnaire, \u2018Prairie Sentinel\u2019 conserve la grande tol\u00e9rance du micocoulier aux conditions difficiles (s\u00e9cheresse, vent, sols urbains), tout en occupant moins d\u2019espace lat\u00e9ral. Id\u00e9al pour les rues \u00e9troites, les alignements urbains et les espaces restreints. Caract\u00e9ristiques Hauteur : 12 \u00e0 [&hellip;]<\/p>\n","protected":false},"featured_media":29539,"template":"","meta":[],"product_cat":[86],"product_tag":[],"acf":[],"_links":{"self":[{"href":"https:\/\/www.paysagesrossignol.com\/en\/wp-json\/wp\/v2\/product\/24681"}],"collection":[{"href":"https:\/\/www.paysagesrossignol.com\/en\/wp-json\/wp\/v2\/product"}],"about":[{"href":"https:\/\/www.paysagesrossignol.com\/en\/wp-json\/wp\/v2\/types\/product"}],"wp:featuredmedia":[{"embeddable":true,"href":"https:\/\/www.paysagesrossignol.com\/en\/wp-json\/wp\/v2\/media\/29539"}],"wp:attachment":[{"href":"https:\/\/www.paysagesrossignol.com\/en\/wp-json\/wp\/v2\/media?parent=24681"}],"wp:term":[{"taxonomy":"product_cat","embeddable":true,"href":"https:\/\/www.paysagesrossignol.com\/en\/wp-json\/wp\/v2\/product_cat?post=24681"},{"taxonomy":"product_tag","embeddable":true,"href":"https:\/\/www.paysagesrossignol.com\/en\/wp-json\/wp\/v2\/product_tag?post=24681"}],"curies":[{"name":"wp","href":"https:\/\/api.w.org\/{rel}","templated":true}]}}