{"id":24703,"date":"2026-03-11T00:00:41","date_gmt":"2026-03-11T04:00:41","guid":{"rendered":"https:\/\/www.paysagesrossignol.com\/?post_type=product&#038;p=24703"},"modified":"2026-03-27T09:14:44","modified_gmt":"2026-03-27T13:14:44","slug":"aubepine-toba","status":"publish","type":"product","link":"https:\/\/www.paysagesrossignol.com\/en\/produit\/aubepine-toba\/","title":{"rendered":"Aub\u00e9pine Toba"},"content":{"rendered":"<h1>Voir disponibilit\u00e9 en magasin<\/h1>\n<h3>Nom latin : Crataegus mordenensis Toba<\/h3>\n<p data-start=\"213\" data-end=\"599\">Arbre ornemental robuste et r\u00e9sistant, \u2018Toba\u2019 est une s\u00e9lection de <strong data-start=\"280\" data-end=\"310\">cogneur (aub\u00e9pine) hybride<\/strong> tr\u00e8s appr\u00e9ci\u00e9e pour sa <strong data-start=\"334\" data-end=\"396\">longue p\u00e9riode de floraison blanche abondante au printemps<\/strong>, ses <strong data-start=\"402\" data-end=\"441\">fruits d\u00e9coratifs rouges en automne<\/strong> et son <strong data-start=\"449\" data-end=\"475\">port r\u00e9gulier et \u00e9tal\u00e9<\/strong>. Tr\u00e8s rustique et tol\u00e9rant, il est id\u00e9al pour les <strong data-start=\"526\" data-end=\"598\">am\u00e9nagements urbains, les haies fleuries et les plantations d\u2019accent<\/strong>.<\/p>\n<h3 data-section-id=\"fo4qqk\" data-start=\"606\" data-end=\"629\">Caract\u00e9ristiques<\/h3>\n<ul data-start=\"631\" data-end=\"902\">\n<li data-section-id=\"stfczf\" data-start=\"631\" data-end=\"656\"><strong data-start=\"633\" data-end=\"646\">Hauteur :<\/strong> 6 \u00e0 8 m<\/li>\n<li data-section-id=\"10aj9e3\" data-start=\"657\" data-end=\"682\"><strong data-start=\"659\" data-end=\"672\">Largeur :<\/strong> 6 \u00e0 8 m<\/li>\n<li data-section-id=\"1fqa3rr\" data-start=\"683\" data-end=\"711\"><strong data-start=\"685\" data-end=\"701\">Croissance :<\/strong> Moyenne<\/li>\n<li data-section-id=\"1rtnc6\" data-start=\"713\" data-end=\"740\"><strong data-start=\"715\" data-end=\"731\">Exposition :<\/strong> Soleil<\/li>\n<li data-section-id=\"1r4l8qo\" data-start=\"741\" data-end=\"808\"><strong data-start=\"743\" data-end=\"752\">Sol :<\/strong> Tr\u00e8s adaptable, tol\u00e8re sols urbains, argileux et secs<\/li>\n<li data-section-id=\"13mny6x\" data-start=\"809\" data-end=\"827\"><strong data-start=\"811\" data-end=\"821\">Zone :<\/strong> 2\u20134<\/li>\n<li data-section-id=\"irk0qz\" data-start=\"829\" data-end=\"859\"><strong data-start=\"831\" data-end=\"846\">Feuillage :<\/strong> Vert moyen<\/li>\n<li data-section-id=\"1jfgfok\" data-start=\"860\" data-end=\"902\"><strong data-start=\"862\" data-end=\"885\">Couleur automnale :<\/strong> Jaune \u00e0 orange<\/li>\n<\/ul>\n","protected":false},"excerpt":{"rendered":"<p>Voir disponibilit\u00e9 en magasin Nom latin : Crataegus mordenensis Toba Arbre ornemental robuste et r\u00e9sistant, \u2018Toba\u2019 est une s\u00e9lection de cogneur (aub\u00e9pine) hybride tr\u00e8s appr\u00e9ci\u00e9e pour sa longue p\u00e9riode de floraison blanche abondante au printemps, ses fruits d\u00e9coratifs rouges en automne et son port r\u00e9gulier et \u00e9tal\u00e9. Tr\u00e8s rustique et tol\u00e9rant, il est id\u00e9al pour [&hellip;]<\/p>\n","protected":false},"featured_media":29537,"template":"","meta":[],"product_cat":[86],"product_tag":[],"acf":[],"_links":{"self":[{"href":"https:\/\/www.paysagesrossignol.com\/en\/wp-json\/wp\/v2\/product\/24703"}],"collection":[{"href":"https:\/\/www.paysagesrossignol.com\/en\/wp-json\/wp\/v2\/product"}],"about":[{"href":"https:\/\/www.paysagesrossignol.com\/en\/wp-json\/wp\/v2\/types\/product"}],"wp:featuredmedia":[{"embeddable":true,"href":"https:\/\/www.paysagesrossignol.com\/en\/wp-json\/wp\/v2\/media\/29537"}],"wp:attachment":[{"href":"https:\/\/www.paysagesrossignol.com\/en\/wp-json\/wp\/v2\/media?parent=24703"}],"wp:term":[{"taxonomy":"product_cat","embeddable":true,"href":"https:\/\/www.paysagesrossignol.com\/en\/wp-json\/wp\/v2\/product_cat?post=24703"},{"taxonomy":"product_tag","embeddable":true,"href":"https:\/\/www.paysagesrossignol.com\/en\/wp-json\/wp\/v2\/product_tag?post=24703"}],"curies":[{"name":"wp","href":"https:\/\/api.w.org\/{rel}","templated":true}]}}