{"id":24723,"date":"2026-03-11T00:00:27","date_gmt":"2026-03-11T04:00:27","guid":{"rendered":"https:\/\/www.paysagesrossignol.com\/?post_type=product&#038;p=24723"},"modified":"2026-03-30T09:00:55","modified_gmt":"2026-03-30T13:00:55","slug":"erable-champetre-2","status":"publish","type":"product","link":"https:\/\/www.paysagesrossignol.com\/en\/produit\/erable-champetre-2\/","title":{"rendered":"\u00c9rable Champ\u00eatre"},"content":{"rendered":"<h1>Voir disponibilit\u00e9 en magasin<\/h1>\n<h3>Nom latin : Acer Campestre<\/h3>\n<p>Petit \u00e0 moyen arbre tr\u00e8s polyvalent, l&#8217;\u00e9rable champ\u00eatre est reconnu pour sa grande tol\u00e9rance aux conditions urbaines et sa capacit\u00e9 \u00e0 \u00eatre taill\u00e9. Id\u00e9al pour les haies, les petits espaces et les am\u00e9nagment structur\u00e9s, il offre un feuillage dense et un belle coloration automnale jaune.<\/p>\n<p>Caract\u00e9ristiques<\/p>\n<ul>\n<li>Hauteur : 8 \u00e0 12 m<\/li>\n<li>Largeur : 6\u00a0 \u00e0 10 m<\/li>\n<li>Croissance : moyenne<\/li>\n<li>Exposition : soleil \u00e0 mi-ombre<\/li>\n<li>Sol : tr\u00e8s adaptable, tol\u00e8re argile, calcaire et sols pauvres<\/li>\n<li>Zone de rusticit\u00e9 : 5 (limite 4 en situation prot\u00e9g\u00e9)<\/li>\n<li>Feuillage : Vert fonc\u00e9, dense, petites feuilles lob\u00e9es<\/li>\n<li>Couleur automnale : jaune dor\u00e9<\/li>\n<\/ul>\n<p>&nbsp;<\/p>\n","protected":false},"excerpt":{"rendered":"<p>Voir disponibilit\u00e9 en magasin Nom latin : Acer Campestre Petit \u00e0 moyen arbre tr\u00e8s polyvalent, l&#8217;\u00e9rable champ\u00eatre est reconnu pour sa grande tol\u00e9rance aux conditions urbaines et sa capacit\u00e9 \u00e0 \u00eatre taill\u00e9. Id\u00e9al pour les haies, les petits espaces et les am\u00e9nagment structur\u00e9s, il offre un feuillage dense et un belle coloration automnale jaune. Caract\u00e9ristiques [&hellip;]<\/p>\n","protected":false},"featured_media":29362,"template":"","meta":[],"product_cat":[86],"product_tag":[],"acf":[],"_links":{"self":[{"href":"https:\/\/www.paysagesrossignol.com\/en\/wp-json\/wp\/v2\/product\/24723"}],"collection":[{"href":"https:\/\/www.paysagesrossignol.com\/en\/wp-json\/wp\/v2\/product"}],"about":[{"href":"https:\/\/www.paysagesrossignol.com\/en\/wp-json\/wp\/v2\/types\/product"}],"wp:featuredmedia":[{"embeddable":true,"href":"https:\/\/www.paysagesrossignol.com\/en\/wp-json\/wp\/v2\/media\/29362"}],"wp:attachment":[{"href":"https:\/\/www.paysagesrossignol.com\/en\/wp-json\/wp\/v2\/media?parent=24723"}],"wp:term":[{"taxonomy":"product_cat","embeddable":true,"href":"https:\/\/www.paysagesrossignol.com\/en\/wp-json\/wp\/v2\/product_cat?post=24723"},{"taxonomy":"product_tag","embeddable":true,"href":"https:\/\/www.paysagesrossignol.com\/en\/wp-json\/wp\/v2\/product_tag?post=24723"}],"curies":[{"name":"wp","href":"https:\/\/api.w.org\/{rel}","templated":true}]}}