{"id":24745,"date":"2026-03-11T00:00:24","date_gmt":"2026-03-11T04:00:24","guid":{"rendered":"https:\/\/www.paysagesrossignol.com\/?post_type=product&#038;p=24745"},"modified":"2026-03-25T08:12:52","modified_gmt":"2026-03-25T12:12:52","slug":"erable-de-lamur","status":"publish","type":"product","link":"https:\/\/www.paysagesrossignol.com\/en\/produit\/erable-de-lamur\/","title":{"rendered":"\u00c9rable de l&#8217;Amur Flame"},"content":{"rendered":"<h1>Voir disponibilit\u00e9 en magasin<\/h1>\n<h3>Nom latin : Acer Ginnala Flame<\/h3>\n<p>Petit arbre tr\u00e8s rustique et fiable, &#8216;Flame&#8217; est s\u00e9lectionn\u00e9 pour sa coloration automnale rouge particuli\u00e8rement intense et uniforme. Adapt\u00e9 aux conditions urbaines difficiles, il offre une forme compacte id\u00e9ale pour les petits espaces, tout en conservant une excellente r\u00e9sistance au froid.<\/p>\n<p>Caract\u00e9ristiques<\/p>\n<ul>\n<li>Hauteur : 6 \u00e0 8 m<\/li>\n<li>Largeur : 4 \u00e0 6 m<\/li>\n<li>Croissance : Moyenne \u00e0 rapide<\/li>\n<li>Exposition : Soleil \u00e0 mi-ombre<\/li>\n<li>Sol : Adaptable, tol\u00e8re les sols pauvres et secs<\/li>\n<li>Zone : 2<\/li>\n<li>Feuillage : Vert, petites feuilles trilob\u00e9es<\/li>\n<li>Couleur automnale : Rouge vif intense<\/li>\n<\/ul>\n","protected":false},"excerpt":{"rendered":"<p>Voir disponibilit\u00e9 en magasin Nom latin : Acer Ginnala Flame Petit arbre tr\u00e8s rustique et fiable, &#8216;Flame&#8217; est s\u00e9lectionn\u00e9 pour sa coloration automnale rouge particuli\u00e8rement intense et uniforme. Adapt\u00e9 aux conditions urbaines difficiles, il offre une forme compacte id\u00e9ale pour les petits espaces, tout en conservant une excellente r\u00e9sistance au froid. Caract\u00e9ristiques Hauteur : 6 [&hellip;]<\/p>\n","protected":false},"featured_media":29539,"template":"","meta":[],"product_cat":[86],"product_tag":[],"acf":[],"_links":{"self":[{"href":"https:\/\/www.paysagesrossignol.com\/en\/wp-json\/wp\/v2\/product\/24745"}],"collection":[{"href":"https:\/\/www.paysagesrossignol.com\/en\/wp-json\/wp\/v2\/product"}],"about":[{"href":"https:\/\/www.paysagesrossignol.com\/en\/wp-json\/wp\/v2\/types\/product"}],"wp:featuredmedia":[{"embeddable":true,"href":"https:\/\/www.paysagesrossignol.com\/en\/wp-json\/wp\/v2\/media\/29539"}],"wp:attachment":[{"href":"https:\/\/www.paysagesrossignol.com\/en\/wp-json\/wp\/v2\/media?parent=24745"}],"wp:term":[{"taxonomy":"product_cat","embeddable":true,"href":"https:\/\/www.paysagesrossignol.com\/en\/wp-json\/wp\/v2\/product_cat?post=24745"},{"taxonomy":"product_tag","embeddable":true,"href":"https:\/\/www.paysagesrossignol.com\/en\/wp-json\/wp\/v2\/product_tag?post=24745"}],"curies":[{"name":"wp","href":"https:\/\/api.w.org\/{rel}","templated":true}]}}