{"id":25295,"date":"2026-03-10T00:00:14","date_gmt":"2026-03-10T04:00:14","guid":{"rendered":"https:\/\/www.paysagesrossignol.com\/?post_type=product&#038;p=25295"},"modified":"2026-03-19T14:18:25","modified_gmt":"2026-03-19T18:18:25","slug":"melon-oka-bio","status":"publish","type":"product","link":"https:\/\/www.paysagesrossignol.com\/en\/produit\/melon-oka-bio\/","title":{"rendered":"Melon Oka &#8211; Bio"},"content":{"rendered":"<h1>Voir disponibilit\u00e9 en magasin<\/h1>\n<p>Melon \u00e0 maturit\u00e9 pr\u00e9coce avec une \u00e9corce verte et une chair orange. D\u00e9velopp\u00e9 par un moine trappiste \u00e0 Oka. Du PATRIMOINE du Qu\u00e9bec.<\/p>\n<p>25 semences<\/p>\n<p>Tournesol<\/p>\n","protected":false},"excerpt":{"rendered":"<p>Voir disponibilit\u00e9 en magasin Melon \u00e0 maturit\u00e9 pr\u00e9coce avec une \u00e9corce verte et une chair orange. D\u00e9velopp\u00e9 par un moine trappiste \u00e0 Oka. Du PATRIMOINE du Qu\u00e9bec. 25 semences Tournesol<\/p>\n","protected":false},"featured_media":25296,"template":"","meta":[],"product_cat":[123],"product_tag":[],"acf":[],"_links":{"self":[{"href":"https:\/\/www.paysagesrossignol.com\/en\/wp-json\/wp\/v2\/product\/25295"}],"collection":[{"href":"https:\/\/www.paysagesrossignol.com\/en\/wp-json\/wp\/v2\/product"}],"about":[{"href":"https:\/\/www.paysagesrossignol.com\/en\/wp-json\/wp\/v2\/types\/product"}],"wp:featuredmedia":[{"embeddable":true,"href":"https:\/\/www.paysagesrossignol.com\/en\/wp-json\/wp\/v2\/media\/25296"}],"wp:attachment":[{"href":"https:\/\/www.paysagesrossignol.com\/en\/wp-json\/wp\/v2\/media?parent=25295"}],"wp:term":[{"taxonomy":"product_cat","embeddable":true,"href":"https:\/\/www.paysagesrossignol.com\/en\/wp-json\/wp\/v2\/product_cat?post=25295"},{"taxonomy":"product_tag","embeddable":true,"href":"https:\/\/www.paysagesrossignol.com\/en\/wp-json\/wp\/v2\/product_tag?post=25295"}],"curies":[{"name":"wp","href":"https:\/\/api.w.org\/{rel}","templated":true}]}}