{"id":25779,"date":"2026-03-10T00:00:02","date_gmt":"2026-03-10T04:00:02","guid":{"rendered":"https:\/\/www.paysagesrossignol.com\/?post_type=product&#038;p=25779"},"modified":"2026-03-20T12:51:05","modified_gmt":"2026-03-20T16:51:05","slug":"tomate-jubilee","status":"publish","type":"product","link":"https:\/\/www.paysagesrossignol.com\/en\/produit\/tomate-jubilee\/","title":{"rendered":"Tomate Jubilee"},"content":{"rendered":"<h1>Voir disponibilit\u00e9 en magasin<\/h1>\n<p>Les fruits prim\u00e9s de 226 g (8 oz) de couleur orange dor\u00e9 ont une saveur douce et non acide. Grand, globuleux et lisse avec un int\u00e9rieur charnu \u00e0 parois \u00e9paisses. Ind\u00e9termin\u00e9 &#8211; aucun tuteur n\u00e9cessaire<\/p>\n<p>80 jours \u00e0 la r\u00e9colte<\/p>\n<p>McKenzie<\/p>\n","protected":false},"excerpt":{"rendered":"<p>Voir disponibilit\u00e9 en magasin Les fruits prim\u00e9s de 226 g (8 oz) de couleur orange dor\u00e9 ont une saveur douce et non acide. Grand, globuleux et lisse avec un int\u00e9rieur charnu \u00e0 parois \u00e9paisses. Ind\u00e9termin\u00e9 &#8211; aucun tuteur n\u00e9cessaire 80 jours \u00e0 la r\u00e9colte McKenzie<\/p>\n","protected":false},"featured_media":25780,"template":"","meta":[],"product_cat":[125],"product_tag":[],"acf":[],"_links":{"self":[{"href":"https:\/\/www.paysagesrossignol.com\/en\/wp-json\/wp\/v2\/product\/25779"}],"collection":[{"href":"https:\/\/www.paysagesrossignol.com\/en\/wp-json\/wp\/v2\/product"}],"about":[{"href":"https:\/\/www.paysagesrossignol.com\/en\/wp-json\/wp\/v2\/types\/product"}],"wp:featuredmedia":[{"embeddable":true,"href":"https:\/\/www.paysagesrossignol.com\/en\/wp-json\/wp\/v2\/media\/25780"}],"wp:attachment":[{"href":"https:\/\/www.paysagesrossignol.com\/en\/wp-json\/wp\/v2\/media?parent=25779"}],"wp:term":[{"taxonomy":"product_cat","embeddable":true,"href":"https:\/\/www.paysagesrossignol.com\/en\/wp-json\/wp\/v2\/product_cat?post=25779"},{"taxonomy":"product_tag","embeddable":true,"href":"https:\/\/www.paysagesrossignol.com\/en\/wp-json\/wp\/v2\/product_tag?post=25779"}],"curies":[{"name":"wp","href":"https:\/\/api.w.org\/{rel}","templated":true}]}}