{"id":25897,"date":"2026-03-30T00:00:51","date_gmt":"2026-03-30T04:00:51","guid":{"rendered":"https:\/\/www.paysagesrossignol.com\/?post_type=product&#038;p=25897"},"modified":"2026-03-30T15:18:15","modified_gmt":"2026-03-30T19:18:15","slug":"fumier-composte-avec-tourbe-25l","status":"publish","type":"product","link":"https:\/\/www.paysagesrossignol.com\/en\/produit\/fumier-composte-avec-tourbe-25l\/","title":{"rendered":"Fumier Compost\u00e9 avec Tourbe Bovin 25L"},"content":{"rendered":"<h1>Voir disponibilit\u00e9 en magasin<\/h1>\n<p>Le Fumier compost\u00e9 avec tourbe BOVIN est sp\u00e9cialement con\u00e7u pour l&#8217;entretien du potager et des plates-bandes. Cet amendement am\u00e9liore la structure du sol tout en apportant les \u00e9l\u00e9ments nutritifs essentiels \u00e0 une croissance saine et vigoureuse.<\/p>\n<p>&nbsp;<\/p>\n","protected":false},"excerpt":{"rendered":"<p>Voir disponibilit\u00e9 en magasin Le Fumier compost\u00e9 avec tourbe BOVIN est sp\u00e9cialement con\u00e7u pour l&#8217;entretien du potager et des plates-bandes. Cet amendement am\u00e9liore la structure du sol tout en apportant les \u00e9l\u00e9ments nutritifs essentiels \u00e0 une croissance saine et vigoureuse. &nbsp;<\/p>\n","protected":false},"featured_media":28481,"template":"","meta":[],"product_cat":[163],"product_tag":[],"acf":[],"_links":{"self":[{"href":"https:\/\/www.paysagesrossignol.com\/en\/wp-json\/wp\/v2\/product\/25897"}],"collection":[{"href":"https:\/\/www.paysagesrossignol.com\/en\/wp-json\/wp\/v2\/product"}],"about":[{"href":"https:\/\/www.paysagesrossignol.com\/en\/wp-json\/wp\/v2\/types\/product"}],"wp:featuredmedia":[{"embeddable":true,"href":"https:\/\/www.paysagesrossignol.com\/en\/wp-json\/wp\/v2\/media\/28481"}],"wp:attachment":[{"href":"https:\/\/www.paysagesrossignol.com\/en\/wp-json\/wp\/v2\/media?parent=25897"}],"wp:term":[{"taxonomy":"product_cat","embeddable":true,"href":"https:\/\/www.paysagesrossignol.com\/en\/wp-json\/wp\/v2\/product_cat?post=25897"},{"taxonomy":"product_tag","embeddable":true,"href":"https:\/\/www.paysagesrossignol.com\/en\/wp-json\/wp\/v2\/product_tag?post=25897"}],"curies":[{"name":"wp","href":"https:\/\/api.w.org\/{rel}","templated":true}]}}