{"id":26341,"date":"2026-03-11T00:00:03","date_gmt":"2026-03-11T04:00:03","guid":{"rendered":"https:\/\/www.paysagesrossignol.com\/?post_type=product&#038;p=26341"},"modified":"2026-03-27T15:15:19","modified_gmt":"2026-03-27T19:15:19","slug":"ostryer-de-virginie-2","status":"publish","type":"product","link":"https:\/\/www.paysagesrossignol.com\/en\/produit\/ostryer-de-virginie-2\/","title":{"rendered":"Ostryer de Virginie"},"content":{"rendered":"<h1>Voir disponibilit\u00e9 en magasin<\/h1>\n<h3>Nom latin : Ostrya Virginiana<\/h3>\n<p>Arbre indig\u00e8ne de taille moyenne, l\u2019<strong data-start=\"179\" data-end=\"201\">ostrya de Virginie<\/strong> est reconnu pour sa <strong data-start=\"222\" data-end=\"252\">r\u00e9sistance et sa long\u00e9vit\u00e9<\/strong>, son <strong data-start=\"258\" data-end=\"283\">port \u00e9troit \u00e0 arrondi<\/strong> et son <strong data-start=\"291\" data-end=\"319\">feuillage fin et \u00e9l\u00e9gant<\/strong>. Tr\u00e8s tol\u00e9rant aux <strong data-start=\"339\" data-end=\"382\">conditions ombrag\u00e9es et aux sols vari\u00e9s<\/strong>, il est id\u00e9al pour <strong data-start=\"402\" data-end=\"469\">boisements urbains, haies naturelles et am\u00e9nagements forestiers<\/strong>.<\/p>\n<h3 data-section-id=\"fo4qqk\" data-start=\"477\" data-end=\"500\">Caract\u00e9ristiques<\/h3>\n<ul data-start=\"502\" data-end=\"779\">\n<li data-section-id=\"5r5dsg\" data-start=\"502\" data-end=\"529\"><strong data-start=\"504\" data-end=\"517\">Hauteur :<\/strong> 10 \u00e0 15 m<\/li>\n<li data-section-id=\"1u050gi\" data-start=\"530\" data-end=\"556\"><strong data-start=\"532\" data-end=\"545\">Largeur :<\/strong> 6 \u00e0 10 m<\/li>\n<li data-section-id=\"1jb47hd\" data-start=\"557\" data-end=\"593\"><strong data-start=\"559\" data-end=\"575\">Croissance :<\/strong> Lente \u00e0 moyenne<\/li>\n<li data-section-id=\"17dp8qg\" data-start=\"595\" data-end=\"633\"><strong data-start=\"597\" data-end=\"613\">Exposition :<\/strong> Soleil \u00e0 mi-ombre<\/li>\n<li data-section-id=\"1qvvsuq\" data-start=\"634\" data-end=\"689\"><strong data-start=\"636\" data-end=\"645\">Sol :<\/strong> Bien drain\u00e9, tol\u00e8re sols argileux et secs<\/li>\n<li data-section-id=\"13nbwbf\" data-start=\"690\" data-end=\"708\"><strong data-start=\"692\" data-end=\"702\">Zone :<\/strong> 3\u20137<\/li>\n<li data-section-id=\"irk0qz\" data-start=\"710\" data-end=\"740\"><strong data-start=\"712\" data-end=\"727\">Feuillage :<\/strong> Vert moyen<\/li>\n<li data-section-id=\"1g8c9dw\" data-start=\"741\" data-end=\"779\"><strong data-start=\"743\" data-end=\"766\">Couleur automnale :<\/strong> Jaune dor\u00e9<\/li>\n<\/ul>\n","protected":false},"excerpt":{"rendered":"<p>Voir disponibilit\u00e9 en magasin Nom latin : Ostrya Virginiana Arbre indig\u00e8ne de taille moyenne, l\u2019ostrya de Virginie est reconnu pour sa r\u00e9sistance et sa long\u00e9vit\u00e9, son port \u00e9troit \u00e0 arrondi et son feuillage fin et \u00e9l\u00e9gant. Tr\u00e8s tol\u00e9rant aux conditions ombrag\u00e9es et aux sols vari\u00e9s, il est id\u00e9al pour boisements urbains, haies naturelles et am\u00e9nagements [&hellip;]<\/p>\n","protected":false},"featured_media":29537,"template":"","meta":[],"product_cat":[86],"product_tag":[],"acf":[],"_links":{"self":[{"href":"https:\/\/www.paysagesrossignol.com\/en\/wp-json\/wp\/v2\/product\/26341"}],"collection":[{"href":"https:\/\/www.paysagesrossignol.com\/en\/wp-json\/wp\/v2\/product"}],"about":[{"href":"https:\/\/www.paysagesrossignol.com\/en\/wp-json\/wp\/v2\/types\/product"}],"wp:featuredmedia":[{"embeddable":true,"href":"https:\/\/www.paysagesrossignol.com\/en\/wp-json\/wp\/v2\/media\/29537"}],"wp:attachment":[{"href":"https:\/\/www.paysagesrossignol.com\/en\/wp-json\/wp\/v2\/media?parent=26341"}],"wp:term":[{"taxonomy":"product_cat","embeddable":true,"href":"https:\/\/www.paysagesrossignol.com\/en\/wp-json\/wp\/v2\/product_cat?post=26341"},{"taxonomy":"product_tag","embeddable":true,"href":"https:\/\/www.paysagesrossignol.com\/en\/wp-json\/wp\/v2\/product_tag?post=26341"}],"curies":[{"name":"wp","href":"https:\/\/api.w.org\/{rel}","templated":true}]}}