{"id":26347,"date":"2026-03-11T00:00:23","date_gmt":"2026-03-11T04:00:23","guid":{"rendered":"https:\/\/www.paysagesrossignol.com\/?post_type=product&#038;p=26347"},"modified":"2026-03-27T15:04:55","modified_gmt":"2026-03-27T19:04:55","slug":"pommetier-decoratif-scarlett","status":"publish","type":"product","link":"https:\/\/www.paysagesrossignol.com\/en\/produit\/pommetier-decoratif-scarlett\/","title":{"rendered":"Pommetier d\u00e9coratif Scarlett"},"content":{"rendered":"<h1>Voir disponibilit\u00e9 en magasin<\/h1>\n<h3>Nom latin : Malus Scarlett<\/h3>\n<p data-start=\"131\" data-end=\"422\">Pommetier ornemental appr\u00e9ci\u00e9 pour sa <strong data-start=\"169\" data-end=\"204\">floraison rose vif au printemps<\/strong>, ses <strong data-start=\"210\" data-end=\"256\">petits fruits rouges d\u00e9coratifs en automne<\/strong>, et son <strong data-start=\"265\" data-end=\"292\">port compact et arrondi<\/strong>. Tr\u00e8s tol\u00e9rant aux <strong data-start=\"312\" data-end=\"354\">conditions urbaines et aux sols vari\u00e9s<\/strong>, il est id\u00e9al pour <strong data-start=\"374\" data-end=\"419\">jardins, parcs et am\u00e9nagements d\u00e9coratifs<\/strong>.<\/p>\n<h3 data-section-id=\"fo4qqk\" data-start=\"429\" data-end=\"452\">Caract\u00e9ristiques<\/h3>\n<ul data-start=\"454\" data-end=\"694\">\n<li data-section-id=\"xq448n\" data-start=\"454\" data-end=\"479\"><strong data-start=\"456\" data-end=\"469\">Hauteur :<\/strong> 4 \u00e0 6 m<\/li>\n<li data-section-id=\"zm9ohv\" data-start=\"480\" data-end=\"505\"><strong data-start=\"482\" data-end=\"495\">Largeur :<\/strong> 3 \u00e0 5 m<\/li>\n<li data-section-id=\"1fqa3rr\" data-start=\"506\" data-end=\"534\"><strong data-start=\"508\" data-end=\"524\">Croissance :<\/strong> Moyenne<\/li>\n<li data-section-id=\"1rtnc6\" data-start=\"536\" data-end=\"563\"><strong data-start=\"538\" data-end=\"554\">Exposition :<\/strong> Soleil<\/li>\n<li data-section-id=\"1fwpenx\" data-start=\"564\" data-end=\"600\"><strong data-start=\"566\" data-end=\"575\">Sol :<\/strong> Adaptable, bien drain\u00e9<\/li>\n<li data-section-id=\"13iiokc\" data-start=\"601\" data-end=\"619\"><strong data-start=\"603\" data-end=\"613\">Zone :<\/strong> 4\u20137<\/li>\n<li data-section-id=\"irk0qz\" data-start=\"621\" data-end=\"651\"><strong data-start=\"623\" data-end=\"638\">Feuillage :<\/strong> Vert moyen<\/li>\n<li data-section-id=\"1jfjilk\" data-start=\"652\" data-end=\"694\"><strong data-start=\"654\" data-end=\"677\">Couleur automnale :<\/strong> Jaune \u00e0 orang\u00e9<\/li>\n<\/ul>\n","protected":false},"excerpt":{"rendered":"<p>Voir disponibilit\u00e9 en magasin Nom latin : Malus Scarlett Pommetier ornemental appr\u00e9ci\u00e9 pour sa floraison rose vif au printemps, ses petits fruits rouges d\u00e9coratifs en automne, et son port compact et arrondi. Tr\u00e8s tol\u00e9rant aux conditions urbaines et aux sols vari\u00e9s, il est id\u00e9al pour jardins, parcs et am\u00e9nagements d\u00e9coratifs. Caract\u00e9ristiques Hauteur : 4 \u00e0 [&hellip;]<\/p>\n","protected":false},"featured_media":29537,"template":"","meta":[],"product_cat":[86],"product_tag":[],"acf":[],"_links":{"self":[{"href":"https:\/\/www.paysagesrossignol.com\/en\/wp-json\/wp\/v2\/product\/26347"}],"collection":[{"href":"https:\/\/www.paysagesrossignol.com\/en\/wp-json\/wp\/v2\/product"}],"about":[{"href":"https:\/\/www.paysagesrossignol.com\/en\/wp-json\/wp\/v2\/types\/product"}],"wp:featuredmedia":[{"embeddable":true,"href":"https:\/\/www.paysagesrossignol.com\/en\/wp-json\/wp\/v2\/media\/29537"}],"wp:attachment":[{"href":"https:\/\/www.paysagesrossignol.com\/en\/wp-json\/wp\/v2\/media?parent=26347"}],"wp:term":[{"taxonomy":"product_cat","embeddable":true,"href":"https:\/\/www.paysagesrossignol.com\/en\/wp-json\/wp\/v2\/product_cat?post=26347"},{"taxonomy":"product_tag","embeddable":true,"href":"https:\/\/www.paysagesrossignol.com\/en\/wp-json\/wp\/v2\/product_tag?post=26347"}],"curies":[{"name":"wp","href":"https:\/\/api.w.org\/{rel}","templated":true}]}}