{"id":26464,"date":"2026-03-11T00:00:13","date_gmt":"2026-03-11T04:00:13","guid":{"rendered":"https:\/\/www.paysagesrossignol.com\/?post_type=product&#038;p=26464"},"modified":"2026-03-27T14:25:11","modified_gmt":"2026-03-27T18:25:11","slug":"pommier-dreamweaver","status":"publish","type":"product","link":"https:\/\/www.paysagesrossignol.com\/en\/produit\/pommier-dreamweaver\/","title":{"rendered":"Pommetier Dreamweaver"},"content":{"rendered":"<h1>Voir disponibilit\u00e9 en magasin<\/h1>\n<h3>Nom latin : Malus Dreamweaver<\/h3>\n<p data-start=\"128\" data-end=\"431\">Pommetier ornemental appr\u00e9ci\u00e9 pour son <strong data-start=\"167\" data-end=\"206\">port compact et l\u00e9g\u00e8rement pleureur<\/strong>, sa <strong data-start=\"211\" data-end=\"247\">floraison abondante au printemps<\/strong> et ses <strong data-start=\"255\" data-end=\"295\">petits fruits d\u00e9coratifs persistants<\/strong>. Il offre un <strong data-start=\"309\" data-end=\"352\">excellent int\u00e9r\u00eat sur plusieurs saisons<\/strong>, tout en \u00e9tant bien adapt\u00e9 aux <strong data-start=\"384\" data-end=\"430\">petits jardins et aux am\u00e9nagements urbains<\/strong>.<\/p>\n<h3 data-section-id=\"fo4qqk\" data-start=\"438\" data-end=\"461\">Caract\u00e9ristiques<\/h3>\n<ul data-start=\"463\" data-end=\"749\">\n<li data-section-id=\"xq448n\" data-start=\"463\" data-end=\"488\"><strong data-start=\"465\" data-end=\"478\">Hauteur :<\/strong> 4 \u00e0 6 m<\/li>\n<li data-section-id=\"zm9ohv\" data-start=\"489\" data-end=\"514\"><strong data-start=\"491\" data-end=\"504\">Largeur :<\/strong> 3 \u00e0 5 m<\/li>\n<li data-section-id=\"1fqa3rr\" data-start=\"515\" data-end=\"543\"><strong data-start=\"517\" data-end=\"533\">Croissance :<\/strong> Moyenne<\/li>\n<li data-section-id=\"1rtnc6\" data-start=\"545\" data-end=\"572\"><strong data-start=\"547\" data-end=\"563\">Exposition :<\/strong> Soleil<\/li>\n<li data-section-id=\"xtlyb3\" data-start=\"573\" data-end=\"617\"><strong data-start=\"575\" data-end=\"584\">Sol :<\/strong> Adaptable, pr\u00e9f\u00e8re bien drain\u00e9<\/li>\n<li data-section-id=\"13nbvfc\" data-start=\"618\" data-end=\"636\"><strong data-start=\"620\" data-end=\"630\">Zone :<\/strong> 3\u20134<\/li>\n<li data-section-id=\"jvle7g\" data-start=\"638\" data-end=\"706\"><strong data-start=\"640\" data-end=\"655\">Feuillage :<\/strong> Vert moyen \u00e0 l\u00e9g\u00e8rement pourpr\u00e9 selon conditions<\/li>\n<li data-section-id=\"1jfjilk\" data-start=\"707\" data-end=\"749\"><strong data-start=\"709\" data-end=\"732\">Couleur automnale :<\/strong> Jaune \u00e0 orang\u00e9<\/li>\n<\/ul>\n","protected":false},"excerpt":{"rendered":"<p>Voir disponibilit\u00e9 en magasin Nom latin : Malus Dreamweaver Pommetier ornemental appr\u00e9ci\u00e9 pour son port compact et l\u00e9g\u00e8rement pleureur, sa floraison abondante au printemps et ses petits fruits d\u00e9coratifs persistants. Il offre un excellent int\u00e9r\u00eat sur plusieurs saisons, tout en \u00e9tant bien adapt\u00e9 aux petits jardins et aux am\u00e9nagements urbains. Caract\u00e9ristiques Hauteur : 4 \u00e0 [&hellip;]<\/p>\n","protected":false},"featured_media":29537,"template":"","meta":[],"product_cat":[86],"product_tag":[],"acf":[],"_links":{"self":[{"href":"https:\/\/www.paysagesrossignol.com\/en\/wp-json\/wp\/v2\/product\/26464"}],"collection":[{"href":"https:\/\/www.paysagesrossignol.com\/en\/wp-json\/wp\/v2\/product"}],"about":[{"href":"https:\/\/www.paysagesrossignol.com\/en\/wp-json\/wp\/v2\/types\/product"}],"wp:featuredmedia":[{"embeddable":true,"href":"https:\/\/www.paysagesrossignol.com\/en\/wp-json\/wp\/v2\/media\/29537"}],"wp:attachment":[{"href":"https:\/\/www.paysagesrossignol.com\/en\/wp-json\/wp\/v2\/media?parent=26464"}],"wp:term":[{"taxonomy":"product_cat","embeddable":true,"href":"https:\/\/www.paysagesrossignol.com\/en\/wp-json\/wp\/v2\/product_cat?post=26464"},{"taxonomy":"product_tag","embeddable":true,"href":"https:\/\/www.paysagesrossignol.com\/en\/wp-json\/wp\/v2\/product_tag?post=26464"}],"curies":[{"name":"wp","href":"https:\/\/api.w.org\/{rel}","templated":true}]}}