{"id":26469,"date":"2026-03-11T00:00:08","date_gmt":"2026-03-11T04:00:08","guid":{"rendered":"https:\/\/www.paysagesrossignol.com\/?post_type=product&#038;p=26469"},"modified":"2026-03-27T14:20:36","modified_gmt":"2026-03-27T18:20:36","slug":"maakie-de-lamnur-maacnificient","status":"publish","type":"product","link":"https:\/\/www.paysagesrossignol.com\/en\/produit\/maakie-de-lamnur-maacnificient\/","title":{"rendered":"Maakie de l&#8217;amur Maacnificient"},"content":{"rendered":"<h1>Voir disponibilit\u00e9 en magasin<\/h1>\n<h3>Nom latin : Maackia Amurensis Maacnificient<\/h3>\n<p>Petit arbre ornemental \u00e9l\u00e9gant, \u2018Magnifica\u2019 est appr\u00e9ci\u00e9 pour sa <strong data-start=\"294\" data-end=\"344\">floraison estivale blanche en grappes dress\u00e9es<\/strong>, inhabituelle chez les arbres rustiques. Il poss\u00e8de un <strong data-start=\"400\" data-end=\"418\">port structur\u00e9<\/strong>, une <strong data-start=\"424\" data-end=\"467\">bonne tol\u00e9rance aux conditions urbaines<\/strong> et une <strong data-start=\"475\" data-end=\"513\">excellente r\u00e9sistance aux maladies<\/strong>. Id\u00e9al pour les <strong data-start=\"530\" data-end=\"582\">petits terrains, rues et am\u00e9nagements d\u00e9coratifs<\/strong>.<\/p>\n<h3 data-section-id=\"fo4qqk\" data-start=\"590\" data-end=\"613\">Caract\u00e9ristiques<\/h3>\n<ul data-start=\"615\" data-end=\"913\">\n<li data-section-id=\"yarjaa\" data-start=\"615\" data-end=\"641\"><strong data-start=\"617\" data-end=\"630\">Hauteur :<\/strong> 6 \u00e0 10 m<\/li>\n<li data-section-id=\"upkx8n\" data-start=\"642\" data-end=\"667\"><strong data-start=\"644\" data-end=\"657\">Largeur :<\/strong> 5 \u00e0 7 m<\/li>\n<li data-section-id=\"1jb47hd\" data-start=\"668\" data-end=\"704\"><strong data-start=\"670\" data-end=\"686\">Croissance :<\/strong> Lente \u00e0 moyenne<\/li>\n<li data-section-id=\"1rtnc6\" data-start=\"706\" data-end=\"733\"><strong data-start=\"708\" data-end=\"724\">Exposition :<\/strong> Soleil<\/li>\n<li data-section-id=\"1se8xkb\" data-start=\"734\" data-end=\"791\"><strong data-start=\"736\" data-end=\"745\">Sol :<\/strong> Bien drain\u00e9, tol\u00e8re sols pauvres et urbains<\/li>\n<li data-section-id=\"13nbumx\" data-start=\"792\" data-end=\"810\"><strong data-start=\"794\" data-end=\"804\">Zone :<\/strong> 3\u20135<\/li>\n<li data-section-id=\"1mffoqf\" data-start=\"812\" data-end=\"879\"><strong data-start=\"814\" data-end=\"829\">Feuillage :<\/strong> Vert fonc\u00e9, compos\u00e9, l\u00e9g\u00e8rement argent\u00e9 dessous<\/li>\n<li data-section-id=\"qhopv8\" data-start=\"880\" data-end=\"913\"><strong data-start=\"882\" data-end=\"905\">Couleur automnale :<\/strong> Jaune<\/li>\n<\/ul>\n","protected":false},"excerpt":{"rendered":"<p>Voir disponibilit\u00e9 en magasin Nom latin : Maackia Amurensis Maacnificient Petit arbre ornemental \u00e9l\u00e9gant, \u2018Magnifica\u2019 est appr\u00e9ci\u00e9 pour sa floraison estivale blanche en grappes dress\u00e9es, inhabituelle chez les arbres rustiques. Il poss\u00e8de un port structur\u00e9, une bonne tol\u00e9rance aux conditions urbaines et une excellente r\u00e9sistance aux maladies. Id\u00e9al pour les petits terrains, rues et am\u00e9nagements [&hellip;]<\/p>\n","protected":false},"featured_media":29537,"template":"","meta":[],"product_cat":[86],"product_tag":[],"acf":[],"_links":{"self":[{"href":"https:\/\/www.paysagesrossignol.com\/en\/wp-json\/wp\/v2\/product\/26469"}],"collection":[{"href":"https:\/\/www.paysagesrossignol.com\/en\/wp-json\/wp\/v2\/product"}],"about":[{"href":"https:\/\/www.paysagesrossignol.com\/en\/wp-json\/wp\/v2\/types\/product"}],"wp:featuredmedia":[{"embeddable":true,"href":"https:\/\/www.paysagesrossignol.com\/en\/wp-json\/wp\/v2\/media\/29537"}],"wp:attachment":[{"href":"https:\/\/www.paysagesrossignol.com\/en\/wp-json\/wp\/v2\/media?parent=26469"}],"wp:term":[{"taxonomy":"product_cat","embeddable":true,"href":"https:\/\/www.paysagesrossignol.com\/en\/wp-json\/wp\/v2\/product_cat?post=26469"},{"taxonomy":"product_tag","embeddable":true,"href":"https:\/\/www.paysagesrossignol.com\/en\/wp-json\/wp\/v2\/product_tag?post=26469"}],"curies":[{"name":"wp","href":"https:\/\/api.w.org\/{rel}","templated":true}]}}