{"id":27834,"date":"2026-03-10T00:00:01","date_gmt":"2026-03-10T04:00:01","guid":{"rendered":"https:\/\/www.paysagesrossignol.com\/?post_type=product&#038;p=27834"},"modified":"2026-03-20T09:52:35","modified_gmt":"2026-03-20T13:52:35","slug":"radis-dhiver-ecarlate-noir-bio","status":"publish","type":"product","link":"https:\/\/www.paysagesrossignol.com\/en\/produit\/radis-dhiver-ecarlate-noir-bio\/","title":{"rendered":"Radis d&#8217;hiver \u00c9carlate Noir &#8211; Bio"},"content":{"rendered":"<h1>Voir disponibilit\u00e9 en magasin<\/h1>\n<p>Un \u00e9tonnant contraste entre une pelure noire et une chair rouge ou violet vif. Ce radis d&#8217;hiver est sucr\u00e9 et d\u00e9licieux. Une vari\u00e9t\u00e9 originale de Tourne-Sol!<\/p>\n<p>150 semences<\/p>\n<p>Tournesol<\/p>\n","protected":false},"excerpt":{"rendered":"<p>Voir disponibilit\u00e9 en magasin Un \u00e9tonnant contraste entre une pelure noire et une chair rouge ou violet vif. Ce radis d&#8217;hiver est sucr\u00e9 et d\u00e9licieux. Une vari\u00e9t\u00e9 originale de Tourne-Sol! 150 semences Tournesol<\/p>\n","protected":false},"featured_media":27835,"template":"","meta":[],"product_cat":[123],"product_tag":[],"acf":[],"_links":{"self":[{"href":"https:\/\/www.paysagesrossignol.com\/en\/wp-json\/wp\/v2\/product\/27834"}],"collection":[{"href":"https:\/\/www.paysagesrossignol.com\/en\/wp-json\/wp\/v2\/product"}],"about":[{"href":"https:\/\/www.paysagesrossignol.com\/en\/wp-json\/wp\/v2\/types\/product"}],"wp:featuredmedia":[{"embeddable":true,"href":"https:\/\/www.paysagesrossignol.com\/en\/wp-json\/wp\/v2\/media\/27835"}],"wp:attachment":[{"href":"https:\/\/www.paysagesrossignol.com\/en\/wp-json\/wp\/v2\/media?parent=27834"}],"wp:term":[{"taxonomy":"product_cat","embeddable":true,"href":"https:\/\/www.paysagesrossignol.com\/en\/wp-json\/wp\/v2\/product_cat?post=27834"},{"taxonomy":"product_tag","embeddable":true,"href":"https:\/\/www.paysagesrossignol.com\/en\/wp-json\/wp\/v2\/product_tag?post=27834"}],"curies":[{"name":"wp","href":"https:\/\/api.w.org\/{rel}","templated":true}]}}