{"id":27839,"date":"2026-03-10T00:00:30","date_gmt":"2026-03-10T04:00:30","guid":{"rendered":"https:\/\/www.paysagesrossignol.com\/?post_type=product&#038;p=27839"},"modified":"2026-03-19T15:37:02","modified_gmt":"2026-03-19T19:37:02","slug":"poivron-doux-melange-bio","status":"publish","type":"product","link":"https:\/\/www.paysagesrossignol.com\/en\/produit\/poivron-doux-melange-bio\/","title":{"rendered":"Poivron Doux M\u00e9lange &#8211; Bio"},"content":{"rendered":"<h1>Voir disponibilit\u00e9 en magasin<\/h1>\n<p>Un m\u00e9lange de tous nos poivrons doux. Am\u00e9ricains, Italien, gros, petit, jaunes, oranges, rouges et mauves!<\/p>\n<p>25 semences<\/p>\n<p>Tourne-Sol<\/p>\n","protected":false},"excerpt":{"rendered":"<p>Voir disponibilit\u00e9 en magasin Un m\u00e9lange de tous nos poivrons doux. Am\u00e9ricains, Italien, gros, petit, jaunes, oranges, rouges et mauves! 25 semences Tourne-Sol<\/p>\n","protected":false},"featured_media":27840,"template":"","meta":[],"product_cat":[123],"product_tag":[],"acf":[],"_links":{"self":[{"href":"https:\/\/www.paysagesrossignol.com\/en\/wp-json\/wp\/v2\/product\/27839"}],"collection":[{"href":"https:\/\/www.paysagesrossignol.com\/en\/wp-json\/wp\/v2\/product"}],"about":[{"href":"https:\/\/www.paysagesrossignol.com\/en\/wp-json\/wp\/v2\/types\/product"}],"wp:featuredmedia":[{"embeddable":true,"href":"https:\/\/www.paysagesrossignol.com\/en\/wp-json\/wp\/v2\/media\/27840"}],"wp:attachment":[{"href":"https:\/\/www.paysagesrossignol.com\/en\/wp-json\/wp\/v2\/media?parent=27839"}],"wp:term":[{"taxonomy":"product_cat","embeddable":true,"href":"https:\/\/www.paysagesrossignol.com\/en\/wp-json\/wp\/v2\/product_cat?post=27839"},{"taxonomy":"product_tag","embeddable":true,"href":"https:\/\/www.paysagesrossignol.com\/en\/wp-json\/wp\/v2\/product_tag?post=27839"}],"curies":[{"name":"wp","href":"https:\/\/api.w.org\/{rel}","templated":true}]}}