{"id":27851,"date":"2026-03-10T00:00:35","date_gmt":"2026-03-10T04:00:35","guid":{"rendered":"https:\/\/www.paysagesrossignol.com\/?post_type=product&#038;p=27851"},"modified":"2026-03-20T12:53:03","modified_gmt":"2026-03-20T16:53:03","slug":"sesame-bio","status":"publish","type":"product","link":"https:\/\/www.paysagesrossignol.com\/en\/produit\/sesame-bio\/","title":{"rendered":"S\u00e9same &#8211; Bio"},"content":{"rendered":"<h1>Voir disponibilit\u00e9 en magasin<\/h1>\n<p>Les petites graines de s\u00e9same poussent dans des gousses vertes sur des plantes d&#8217;un m\u00e8tre de haut. R\u00e9coltez les plantes juste avant les gel\u00e9es et laissez les gousses continuer \u00e0 m\u00fbrir \u00e0 l&#8217;int\u00e9rieur.<\/p>\n<p>100 semences<\/p>\n<p>Tournesol<\/p>\n","protected":false},"excerpt":{"rendered":"<p>Voir disponibilit\u00e9 en magasin Les petites graines de s\u00e9same poussent dans des gousses vertes sur des plantes d&#8217;un m\u00e8tre de haut. R\u00e9coltez les plantes juste avant les gel\u00e9es et laissez les gousses continuer \u00e0 m\u00fbrir \u00e0 l&#8217;int\u00e9rieur. 100 semences Tournesol<\/p>\n","protected":false},"featured_media":27852,"template":"","meta":[],"product_cat":[123],"product_tag":[],"acf":[],"_links":{"self":[{"href":"https:\/\/www.paysagesrossignol.com\/en\/wp-json\/wp\/v2\/product\/27851"}],"collection":[{"href":"https:\/\/www.paysagesrossignol.com\/en\/wp-json\/wp\/v2\/product"}],"about":[{"href":"https:\/\/www.paysagesrossignol.com\/en\/wp-json\/wp\/v2\/types\/product"}],"wp:featuredmedia":[{"embeddable":true,"href":"https:\/\/www.paysagesrossignol.com\/en\/wp-json\/wp\/v2\/media\/27852"}],"wp:attachment":[{"href":"https:\/\/www.paysagesrossignol.com\/en\/wp-json\/wp\/v2\/media?parent=27851"}],"wp:term":[{"taxonomy":"product_cat","embeddable":true,"href":"https:\/\/www.paysagesrossignol.com\/en\/wp-json\/wp\/v2\/product_cat?post=27851"},{"taxonomy":"product_tag","embeddable":true,"href":"https:\/\/www.paysagesrossignol.com\/en\/wp-json\/wp\/v2\/product_tag?post=27851"}],"curies":[{"name":"wp","href":"https:\/\/api.w.org\/{rel}","templated":true}]}}