{"id":27869,"date":"2026-03-10T00:00:36","date_gmt":"2026-03-10T04:00:36","guid":{"rendered":"https:\/\/www.paysagesrossignol.com\/?post_type=product&#038;p=27869"},"modified":"2026-03-12T11:45:21","modified_gmt":"2026-03-12T15:45:21","slug":"betterave-cylindra-formanova","status":"publish","type":"product","link":"https:\/\/www.paysagesrossignol.com\/en\/produit\/betterave-cylindra-formanova\/","title":{"rendered":"Betterave Cylindra Formanova"},"content":{"rendered":"<h1>Voir disponibilit\u00e9 en magasin<\/h1>\n<p>La racine rouge fonc\u00e9e unique, longue telle une carotte, donne des tranches plus uniformes que les vari\u00e9t\u00e9s rondes. Utiliser les feuilles dans les salades. Id\u00e9ale fra\u00eeche, coup\u00e9e en cubes, congel\u00e9e, en conserve et en marinade. Un sol bein drain\u00e9 et fertile est-pr\u00e9f\u00e9r\u00e9. Plantez pr\u00e8s des haricots nains, de la laitue et du chou-rave, mais loin des haricots \u00e0 rames.<\/p>\n<p>45-65 jours \u00e0 la r\u00e9colte<\/p>\n<p>McKenzie<\/p>\n","protected":false},"excerpt":{"rendered":"<p>Voir disponibilit\u00e9 en magasin La racine rouge fonc\u00e9e unique, longue telle une carotte, donne des tranches plus uniformes que les vari\u00e9t\u00e9s rondes. Utiliser les feuilles dans les salades. Id\u00e9ale fra\u00eeche, coup\u00e9e en cubes, congel\u00e9e, en conserve et en marinade. Un sol bein drain\u00e9 et fertile est-pr\u00e9f\u00e9r\u00e9. Plantez pr\u00e8s des haricots nains, de la laitue et [&hellip;]<\/p>\n","protected":false},"featured_media":27870,"template":"","meta":[],"product_cat":[125],"product_tag":[],"acf":[],"_links":{"self":[{"href":"https:\/\/www.paysagesrossignol.com\/en\/wp-json\/wp\/v2\/product\/27869"}],"collection":[{"href":"https:\/\/www.paysagesrossignol.com\/en\/wp-json\/wp\/v2\/product"}],"about":[{"href":"https:\/\/www.paysagesrossignol.com\/en\/wp-json\/wp\/v2\/types\/product"}],"wp:featuredmedia":[{"embeddable":true,"href":"https:\/\/www.paysagesrossignol.com\/en\/wp-json\/wp\/v2\/media\/27870"}],"wp:attachment":[{"href":"https:\/\/www.paysagesrossignol.com\/en\/wp-json\/wp\/v2\/media?parent=27869"}],"wp:term":[{"taxonomy":"product_cat","embeddable":true,"href":"https:\/\/www.paysagesrossignol.com\/en\/wp-json\/wp\/v2\/product_cat?post=27869"},{"taxonomy":"product_tag","embeddable":true,"href":"https:\/\/www.paysagesrossignol.com\/en\/wp-json\/wp\/v2\/product_tag?post=27869"}],"curies":[{"name":"wp","href":"https:\/\/api.w.org\/{rel}","templated":true}]}}